{"id":99,"date":"2021-03-16T11:38:07","date_gmt":"2021-03-16T11:38:07","guid":{"rendered":"https:\/\/genderandmedia.bbcmediaaction.org\/?page_id=99"},"modified":"2021-03-31T14:23:36","modified_gmt":"2021-03-31T14:23:36","slug":"quest-ce-que-le-genre","status":"publish","type":"page","link":"https:\/\/genderandmedia.bbcmediaaction.org\/fr\/quest-ce-que-le-genre\/","title":{"rendered":"QU&#8217;EST-CE QUE LE GENRE"},"content":{"rendered":"\t\t<div data-elementor-type=\"wp-page\" data-elementor-id=\"99\" class=\"elementor elementor-99\" data-elementor-settings=\"[]\">\n\t\t\t\t\t\t\t<div class=\"elementor-section-wrap\">\n\t\t\t\t\t\t\t<section class=\"elementor-section elementor-top-section elementor-element elementor-element-5409a68 elementor-section-full_width elementor-section-height-min-height elementor-section-items-stretch elementor-section-content-bottom elementor-section-height-default\" data-id=\"5409a68\" data-element_type=\"section\" data-settings=\"{&quot;background_background&quot;:&quot;classic&quot;}\">\n\t\t\t\t\t\t<div class=\"elementor-container elementor-column-gap-default\">\n\t\t\t\t\t<div class=\"elementor-column elementor-col-100 elementor-top-column elementor-element elementor-element-312516b\" data-id=\"312516b\" data-element_type=\"column\">\n\t\t\t<div class=\"elementor-widget-wrap elementor-element-populated\">\n\t\t\t\t\t\t\t\t<section class=\"elementor-section elementor-inner-section elementor-element elementor-element-1689c13 elementor-section-boxed elementor-section-height-default elementor-section-height-default\" data-id=\"1689c13\" data-element_type=\"section\" data-settings=\"{&quot;background_background&quot;:&quot;classic&quot;}\">\n\t\t\t\t\t\t<div class=\"elementor-container elementor-column-gap-default\">\n\t\t\t\t\t<div class=\"elementor-column elementor-col-100 elementor-inner-column elementor-element elementor-element-0d9b495\" data-id=\"0d9b495\" data-element_type=\"column\">\n\t\t\t<div class=\"elementor-widget-wrap elementor-element-populated\">\n\t\t\t\t\t\t\t\t<div class=\"elementor-element elementor-element-dd09758 elementor-tablet-align-center elementor-hidden-desktop elementor-widget elementor-widget-button\" data-id=\"dd09758\" data-element_type=\"widget\" data-widget_type=\"button.default\">\n\t\t\t\t<div class=\"elementor-widget-container\">\n\t\t\t\t\t<div class=\"elementor-button-wrapper\">\n\t\t\t<a href=\"#elementor-action%3Aaction%3Dpopup%3Aopen%26settings%3DeyJpZCI6IjM1MCIsInRvZ2dsZSI6ZmFsc2V9\" class=\"elementor-button-link elementor-button elementor-size-sm\" role=\"button\">\n\t\t\t\t\t\t<span class=\"elementor-button-content-wrapper\">\n\t\t\t\t\t\t<span class=\"elementor-button-icon elementor-align-icon-left\">\n\t\t\t\t<i aria-hidden=\"true\" class=\"fas fa-bars\"><\/i>\t\t\t<\/span>\n\t\t\t\t\t\t<span class=\"elementor-button-text\">Menu<\/span>\n\t\t<\/span>\n\t\t\t\t\t<\/a>\n\t\t<\/div>\n\t\t\t\t<\/div>\n\t\t\t\t<\/div>\n\t\t\t\t<div class=\"elementor-element elementor-element-4cf2cf3 elementor-nav-menu__align-center elementor-hidden-tablet elementor-hidden-phone elementor-nav-menu--indicator-classic elementor-nav-menu--dropdown-tablet elementor-nav-menu__text-align-aside elementor-nav-menu--toggle elementor-nav-menu--burger elementor-widget elementor-widget-nav-menu\" data-id=\"4cf2cf3\" data-element_type=\"widget\" data-settings=\"{&quot;layout&quot;:&quot;horizontal&quot;,&quot;toggle&quot;:&quot;burger&quot;}\" data-widget_type=\"nav-menu.default\">\n\t\t\t\t<div class=\"elementor-widget-container\">\n\t\t\t\t\t\t<nav role=\"navigation\" class=\"elementor-nav-menu--main elementor-nav-menu__container elementor-nav-menu--layout-horizontal e--pointer-none\"><ul id=\"menu-1-4cf2cf3\" class=\"elementor-nav-menu\"><li class=\"menu-item menu-item-type-post_type menu-item-object-page menu-item-home menu-item-105\"><a href=\"https:\/\/genderandmedia.bbcmediaaction.org\/fr\/\" class=\"elementor-item\">ACCUEIL<\/a><\/li>\n<li class=\"menu-item menu-item-type-post_type menu-item-object-page menu-item-104\"><a href=\"https:\/\/genderandmedia.bbcmediaaction.org\/fr\/quest-ce-que-le-genre\/\" class=\"elementor-item\">QU&#8217;EST-CE QUE LE GENRE?<\/a><\/li>\n<li class=\"menu-item menu-item-type-post_type menu-item-object-page menu-item-149\"><a href=\"https:\/\/genderandmedia.bbcmediaaction.org\/fr\/faire-une-difference-avec-les-medias\/\" class=\"elementor-item\">FAIRE UNE DIFF\u00c9RENCE AVEC LES M\u00c9DIAS?<\/a><\/li>\n<li class=\"menu-item menu-item-type-post_type menu-item-object-page menu-item-180\"><a href=\"https:\/\/genderandmedia.bbcmediaaction.org\/fr\/concevoir-un-projet\/\" class=\"elementor-item\">CONCEVOIR UN PROJET<\/a><\/li>\n<li class=\"menu-item menu-item-type-post_type menu-item-object-page menu-item-220\"><a href=\"https:\/\/genderandmedia.bbcmediaaction.org\/fr\/realiser-un-programme\/\" class=\"elementor-item\">R\u00c9ALISER UN PROGRAMME<\/a><\/li>\n<li class=\"menu-item menu-item-type-post_type menu-item-object-page menu-item-242\"><a href=\"https:\/\/genderandmedia.bbcmediaaction.org\/fr\/ressources\/\" class=\"elementor-item\">RESSOURCES<\/a><\/li>\n<\/ul><\/nav>\n\t\t\t\t\t<div class=\"elementor-menu-toggle\" role=\"button\" tabindex=\"0\" aria-label=\"Menu Toggle\" aria-expanded=\"false\">\n\t\t\t<i class=\"eicon-menu-bar\" aria-hidden=\"true\"><\/i>\n\t\t\t<span class=\"elementor-screen-only\">Menu<\/span>\n\t\t<\/div>\n\t\t\t<nav class=\"elementor-nav-menu--dropdown elementor-nav-menu__container\" role=\"navigation\" aria-hidden=\"true\"><ul id=\"menu-2-4cf2cf3\" class=\"elementor-nav-menu\"><li class=\"menu-item menu-item-type-post_type menu-item-object-page menu-item-home menu-item-105\"><a href=\"https:\/\/genderandmedia.bbcmediaaction.org\/fr\/\" class=\"elementor-item\">ACCUEIL<\/a><\/li>\n<li class=\"menu-item menu-item-type-post_type menu-item-object-page menu-item-104\"><a href=\"https:\/\/genderandmedia.bbcmediaaction.org\/fr\/quest-ce-que-le-genre\/\" class=\"elementor-item\">QU&#8217;EST-CE QUE LE GENRE?<\/a><\/li>\n<li class=\"menu-item menu-item-type-post_type menu-item-object-page menu-item-149\"><a href=\"https:\/\/genderandmedia.bbcmediaaction.org\/fr\/faire-une-difference-avec-les-medias\/\" class=\"elementor-item\">FAIRE UNE DIFF\u00c9RENCE AVEC LES M\u00c9DIAS?<\/a><\/li>\n<li class=\"menu-item menu-item-type-post_type menu-item-object-page menu-item-180\"><a href=\"https:\/\/genderandmedia.bbcmediaaction.org\/fr\/concevoir-un-projet\/\" class=\"elementor-item\">CONCEVOIR UN PROJET<\/a><\/li>\n<li class=\"menu-item menu-item-type-post_type menu-item-object-page menu-item-220\"><a href=\"https:\/\/genderandmedia.bbcmediaaction.org\/fr\/realiser-un-programme\/\" class=\"elementor-item\">R\u00c9ALISER UN PROGRAMME<\/a><\/li>\n<li class=\"menu-item menu-item-type-post_type menu-item-object-page menu-item-242\"><a href=\"https:\/\/genderandmedia.bbcmediaaction.org\/fr\/ressources\/\" class=\"elementor-item\">RESSOURCES<\/a><\/li>\n<\/ul><\/nav>\n\t\t\t\t<\/div>\n\t\t\t\t<\/div>\n\t\t\t\t\t<\/div>\n\t\t<\/div>\n\t\t\t\t\t\t\t<\/div>\n\t\t<\/section>\n\t\t\t\t\t<\/div>\n\t\t<\/div>\n\t\t\t\t\t\t\t<\/div>\n\t\t<\/section>\n\t\t\t\t<section class=\"elementor-section elementor-top-section elementor-element elementor-element-ac9a0ce elementor-section-boxed elementor-section-height-default elementor-section-height-default\" data-id=\"ac9a0ce\" data-element_type=\"section\" data-settings=\"{&quot;background_background&quot;:&quot;classic&quot;}\">\n\t\t\t\t\t\t<div class=\"elementor-container elementor-column-gap-default\">\n\t\t\t\t\t<div class=\"elementor-column elementor-col-100 elementor-top-column elementor-element elementor-element-5227fe9\" data-id=\"5227fe9\" data-element_type=\"column\">\n\t\t\t<div class=\"elementor-widget-wrap elementor-element-populated\">\n\t\t\t\t\t\t\t\t<div class=\"elementor-element elementor-element-aadea4a elementor-widget elementor-widget-heading\" data-id=\"aadea4a\" data-element_type=\"widget\" data-widget_type=\"heading.default\">\n\t\t\t\t<div class=\"elementor-widget-container\">\n\t\t\t<h1 class=\"elementor-heading-title elementor-size-default\">QU'EST-CE QUE LE GENRE?<\/h1>\t\t<\/div>\n\t\t\t\t<\/div>\n\t\t\t\t<div class=\"elementor-element elementor-element-5fd47fd elementor-widget elementor-widget-image\" data-id=\"5fd47fd\" data-element_type=\"widget\" data-widget_type=\"image.default\">\n\t\t\t\t<div class=\"elementor-widget-container\">\n\t\t\t\t\t<div class=\"elementor-image\">\n\t\t\t\t\t\t\t\t\t\t<img loading=\"lazy\" decoding=\"async\" width=\"100\" height=\"6\" src=\"https:\/\/genderandmedia.bbcmediaaction.org\/fr\/wp-content\/uploads\/2021\/03\/heading_underline.gif\" class=\"attachment-large size-large\" alt=\"\" \/>\t\t\t\t\t\t\t\t\t\t\t<\/div>\n\t\t\t\t<\/div>\n\t\t\t\t<\/div>\n\t\t\t\t\t<\/div>\n\t\t<\/div>\n\t\t\t\t\t\t\t<\/div>\n\t\t<\/section>\n\t\t\t\t<section class=\"elementor-section elementor-top-section elementor-element elementor-element-4fa1bda elementor-section-boxed elementor-section-height-default elementor-section-height-default\" data-id=\"4fa1bda\" data-element_type=\"section\">\n\t\t\t\t\t\t<div class=\"elementor-container elementor-column-gap-default\">\n\t\t\t\t\t<div class=\"elementor-column elementor-col-100 elementor-top-column elementor-element elementor-element-e88a54e\" data-id=\"e88a54e\" data-element_type=\"column\">\n\t\t\t<div class=\"elementor-widget-wrap elementor-element-populated\">\n\t\t\t\t\t\t\t\t<div class=\"elementor-element elementor-element-bddff63 elementor-widget elementor-widget-heading\" data-id=\"bddff63\" data-element_type=\"widget\" data-widget_type=\"heading.default\">\n\t\t\t\t<div class=\"elementor-widget-container\">\n\t\t\t<h4 class=\"elementor-heading-title elementor-size-default\">Sexe et genre <\/h4>\t\t<\/div>\n\t\t\t\t<\/div>\n\t\t\t\t<div class=\"elementor-element elementor-element-61491d5 elementor-widget elementor-widget-text-editor\" data-id=\"61491d5\" data-element_type=\"widget\" data-widget_type=\"text-editor.default\">\n\t\t\t\t<div class=\"elementor-widget-container\">\n\t\t\t\t\t<div class=\"elementor-text-editor elementor-clearfix\"><p><strong>Le sexe<\/strong> fait r\u00e9f\u00e9rence aux attributs biologiques et physiologiques qui caract\u00e9risent g\u00e9n\u00e9ralement les hommes et les femmes.<\/p>\n<p><strong>Le genre<\/strong> est enracin\u00e9 dans les conventions sociales et non dans la biologie. Il d\u00e9coule des id\u00e9es pr\u00e9con\u00e7ues des soci\u00e9t\u00e9s successives sur ce \u00e0 quoi ressemblent et comment agissent les hommes par rapport aux femmes.<\/p>\n<p>Le genre n\u2019est pas une chose binaire. C&#8217;est un spectre. La plupart des gens ont certaines caract\u00e9ristiques consid\u00e9r\u00e9es comme \u00ab masculines \u00bb et d\u2019autres consid\u00e9r\u00e9es comme \u00ab f\u00e9minines \u00bb.<\/p><\/div>\n\t\t\t\t<\/div>\n\t\t\t\t<\/div>\n\t\t\t\t<div class=\"elementor-element elementor-element-a45ab0c elementor-widget elementor-widget-heading\" data-id=\"a45ab0c\" data-element_type=\"widget\" data-widget_type=\"heading.default\">\n\t\t\t\t<div class=\"elementor-widget-container\">\n\t\t\t<h4 class=\"elementor-heading-title elementor-size-default\">Quels sont les normes, r\u00f4les et st\u00e9r\u00e9otypes li\u00e9s au genre?<\/h4>\t\t<\/div>\n\t\t\t\t<\/div>\n\t\t\t\t<div class=\"elementor-element elementor-element-669435c elementor-widget elementor-widget-text-editor\" data-id=\"669435c\" data-element_type=\"widget\" data-widget_type=\"text-editor.default\">\n\t\t\t\t<div class=\"elementor-widget-container\">\n\t\t\t\t\t<div class=\"elementor-text-editor elementor-clearfix\"><p><strong>Les normes de genre ou \u00ab sexo-sp\u00e9cifiques \u00bb<\/strong> sont les opinions dominantes d\u2019une soci\u00e9t\u00e9 sur la mani\u00e8re dont les hommes et les femmes devraient se comporter et se pr\u00e9senter diff\u00e9remment. Les exemples pourraient inclure : \u00ab les hommes ne devraient pas pleurer \u00bb et \u00ab les femmes devraient se maquiller \u00bb.<\/p><p><strong>Les r\u00f4les de genre<\/strong> sont les ensembles s\u00e9par\u00e9s de responsabilit\u00e9s auxquelles une soci\u00e9t\u00e9 s\u2019attend de la part des hommes et des femmes. Les exemples incluent : \u00ab les femmes devraient prendre soin des enfants \u00bb et \u00ab les hommes devraient \u00eatre les pourvoyeurs de la famille \u00bb.\u00a0<\/p><p><strong>Les st\u00e9r\u00e9otypes de genre<\/strong> sont des id\u00e9es trop simplifi\u00e9es sur les personnes en fonction de leur sexe. Les exemples incluent : \u00ab les femmes aiment le comm\u00e9rage \u00bb et \u00ab les hommes sont meilleurs en maths que les femmes \u00bb.\u00a0<\/p><p>Ces trois choses sont toutes li\u00e9es et se renforcent mutuellement. Pour r\u00e9duire les in\u00e9galit\u00e9s entre les hommes et les femmes, il faut aborder les normes, les r\u00f4les et les st\u00e9r\u00e9otypes li\u00e9s au genre qui peuvent emp\u00eacher quiconque d&#8217;atteindre son plein potentiel.\u00a0<\/p><\/div>\n\t\t\t\t<\/div>\n\t\t\t\t<\/div>\n\t\t\t\t<section class=\"elementor-section elementor-inner-section elementor-element elementor-element-e81faf0 elementor-section-boxed elementor-section-height-default elementor-section-height-default\" data-id=\"e81faf0\" data-element_type=\"section\">\n\t\t\t\t\t\t<div class=\"elementor-container elementor-column-gap-default\">\n\t\t\t\t\t<div class=\"elementor-column elementor-col-50 elementor-inner-column elementor-element elementor-element-b15324a\" data-id=\"b15324a\" data-element_type=\"column\">\n\t\t\t<div class=\"elementor-widget-wrap elementor-element-populated\">\n\t\t\t\t\t\t\t\t<div class=\"elementor-element elementor-element-c481c66 elementor-widget elementor-widget-heading\" data-id=\"c481c66\" data-element_type=\"widget\" data-widget_type=\"heading.default\">\n\t\t\t\t<div class=\"elementor-widget-container\">\n\t\t\t<h4 class=\"elementor-heading-title elementor-size-default\">Qu'est-ce que l'\u00e9galit\u00e9 des sexes?<\/h4>\t\t<\/div>\n\t\t\t\t<\/div>\n\t\t\t\t<div class=\"elementor-element elementor-element-16657c9 elementor-widget elementor-widget-text-editor\" data-id=\"16657c9\" data-element_type=\"widget\" data-widget_type=\"text-editor.default\">\n\t\t\t\t<div class=\"elementor-widget-container\">\n\t\t\t\t\t<div class=\"elementor-text-editor elementor-clearfix\">L&#8217;\u00e9galit\u00e9 des sexes est la conviction que tout le monde devrait avoir droit \u00e0 un traitement \u00e9gal et ne pas \u00eatre victime de discrimination en raison de son sexe. L&#8217;\u00e9galit\u00e9 des sexes est l&#8217;un des objectifs de la D\u00e9claration universelle des droits de l&#8217;homme des Nations Unies.  \n \nLes Objectifs de D\u00e9veloppement Durable placent l&#8217;\u00e9galit\u00e9 des sexes au c\u0153ur du programme de d\u00e9veloppement mondial &#8211; une condition pr\u00e9alable au d\u00e9veloppement durable et \u00e0 la r\u00e9alisation des droits de l&#8217;homme pour tous.  \n<\/div>\n\t\t\t\t<\/div>\n\t\t\t\t<\/div>\n\t\t\t\t\t<\/div>\n\t\t<\/div>\n\t\t\t\t<div class=\"elementor-column elementor-col-50 elementor-inner-column elementor-element elementor-element-38de1cc\" data-id=\"38de1cc\" data-element_type=\"column\" data-settings=\"{&quot;background_background&quot;:&quot;classic&quot;}\">\n\t\t\t<div class=\"elementor-widget-wrap elementor-element-populated\">\n\t\t\t\t\t\t\t\t<div class=\"elementor-element elementor-element-c481027 elementor-widget elementor-widget-shortcode\" data-id=\"c481027\" data-element_type=\"widget\" data-widget_type=\"shortcode.default\">\n\t\t\t\t<div class=\"elementor-widget-container\">\n\t\t\t\t\t<div class=\"elementor-shortcode\"><\/div>\n\t\t\t\t<\/div>\n\t\t\t\t<\/div>\n\t\t\t\t\t<\/div>\n\t\t<\/div>\n\t\t\t\t\t\t\t<\/div>\n\t\t<\/section>\n\t\t\t\t\t<\/div>\n\t\t<\/div>\n\t\t\t\t\t\t\t<\/div>\n\t\t<\/section>\n\t\t\t\t\t\t<\/div>\n\t\t\t\t\t<\/div>\n\t\t","protected":false},"excerpt":{"rendered":"<p>Menu QU&#8217;EST-CE QUE LE GENRE? Sexe et genre Le sexe fait r\u00e9f\u00e9rence aux attributs biologiques et physiologiques qui caract\u00e9risent g\u00e9n\u00e9ralement les hommes et les femmes. Le genre est enracin\u00e9 dans les conventions sociales et non dans la biologie. Il d\u00e9coule des id\u00e9es pr\u00e9con\u00e7ues des soci\u00e9t\u00e9s successives sur ce \u00e0 quoi ressemblent et comment agissent les [&hellip;]<\/p>\n","protected":false},"author":1,"featured_media":0,"parent":0,"menu_order":0,"comment_status":"closed","ping_status":"closed","template":"elementor_header_footer","meta":{"footnotes":""},"_links":{"self":[{"href":"https:\/\/genderandmedia.bbcmediaaction.org\/fr\/wp-json\/wp\/v2\/pages\/99"}],"collection":[{"href":"https:\/\/genderandmedia.bbcmediaaction.org\/fr\/wp-json\/wp\/v2\/pages"}],"about":[{"href":"https:\/\/genderandmedia.bbcmediaaction.org\/fr\/wp-json\/wp\/v2\/types\/page"}],"author":[{"embeddable":true,"href":"https:\/\/genderandmedia.bbcmediaaction.org\/fr\/wp-json\/wp\/v2\/users\/1"}],"replies":[{"embeddable":true,"href":"https:\/\/genderandmedia.bbcmediaaction.org\/fr\/wp-json\/wp\/v2\/comments?post=99"}],"version-history":[{"count":56,"href":"https:\/\/genderandmedia.bbcmediaaction.org\/fr\/wp-json\/wp\/v2\/pages\/99\/revisions"}],"predecessor-version":[{"id":698,"href":"https:\/\/genderandmedia.bbcmediaaction.org\/fr\/wp-json\/wp\/v2\/pages\/99\/revisions\/698"}],"wp:attachment":[{"href":"https:\/\/genderandmedia.bbcmediaaction.org\/fr\/wp-json\/wp\/v2\/media?parent=99"}],"curies":[{"name":"wp","href":"https:\/\/api.w.org\/{rel}","templated":true}]}}