{"id":35,"date":"2021-03-16T10:15:30","date_gmt":"2021-03-16T10:15:30","guid":{"rendered":"https:\/\/genderandmedia.bbcmediaaction.org\/?page_id=35"},"modified":"2021-04-01T08:31:26","modified_gmt":"2021-04-01T08:31:26","slug":"homepage","status":"publish","type":"page","link":"https:\/\/genderandmedia.bbcmediaaction.org\/fr\/","title":{"rendered":"Homepage"},"content":{"rendered":"\t\t<div data-elementor-type=\"wp-page\" data-elementor-id=\"35\" class=\"elementor elementor-35\" data-elementor-settings=\"[]\">\n\t\t\t\t\t\t\t<div class=\"elementor-section-wrap\">\n\t\t\t\t\t\t\t<section class=\"elementor-section elementor-top-section elementor-element elementor-element-5409a68 elementor-section-full_width elementor-section-height-min-height elementor-section-items-stretch elementor-section-content-bottom elementor-section-height-default\" data-id=\"5409a68\" data-element_type=\"section\" data-settings=\"{&quot;background_background&quot;:&quot;classic&quot;}\">\n\t\t\t\t\t\t<div class=\"elementor-container elementor-column-gap-default\">\n\t\t\t\t\t<div class=\"elementor-column elementor-col-100 elementor-top-column elementor-element elementor-element-312516b\" data-id=\"312516b\" data-element_type=\"column\">\n\t\t\t<div class=\"elementor-widget-wrap elementor-element-populated\">\n\t\t\t\t\t\t\t\t<section class=\"elementor-section elementor-inner-section elementor-element elementor-element-5218c44 elementor-section-boxed elementor-section-height-default elementor-section-height-default\" data-id=\"5218c44\" data-element_type=\"section\" data-settings=\"{&quot;background_background&quot;:&quot;classic&quot;}\">\n\t\t\t\t\t\t<div class=\"elementor-container elementor-column-gap-default\">\n\t\t\t\t\t<div class=\"elementor-column elementor-col-100 elementor-inner-column elementor-element elementor-element-3160c34\" data-id=\"3160c34\" data-element_type=\"column\">\n\t\t\t<div class=\"elementor-widget-wrap elementor-element-populated\">\n\t\t\t\t\t\t\t\t<div class=\"elementor-element elementor-element-5199e70 elementor-tablet-align-center elementor-hidden-desktop elementor-widget elementor-widget-button\" data-id=\"5199e70\" data-element_type=\"widget\" data-widget_type=\"button.default\">\n\t\t\t\t<div class=\"elementor-widget-container\">\n\t\t\t\t\t<div class=\"elementor-button-wrapper\">\n\t\t\t<a href=\"#elementor-action%3Aaction%3Dpopup%3Aopen%26settings%3DeyJpZCI6IjM1MCIsInRvZ2dsZSI6ZmFsc2V9\" class=\"elementor-button-link elementor-button elementor-size-sm\" role=\"button\">\n\t\t\t\t\t\t<span class=\"elementor-button-content-wrapper\">\n\t\t\t\t\t\t<span class=\"elementor-button-icon elementor-align-icon-left\">\n\t\t\t\t<i aria-hidden=\"true\" class=\"fas fa-bars\"><\/i>\t\t\t<\/span>\n\t\t\t\t\t\t<span class=\"elementor-button-text\">Menu<\/span>\n\t\t<\/span>\n\t\t\t\t\t<\/a>\n\t\t<\/div>\n\t\t\t\t<\/div>\n\t\t\t\t<\/div>\n\t\t\t\t<div class=\"elementor-element elementor-element-5c32bfd elementor-nav-menu__align-center elementor-hidden-tablet elementor-hidden-phone elementor-nav-menu--indicator-classic elementor-nav-menu--dropdown-tablet elementor-nav-menu__text-align-aside elementor-nav-menu--toggle elementor-nav-menu--burger elementor-widget elementor-widget-nav-menu\" data-id=\"5c32bfd\" data-element_type=\"widget\" data-settings=\"{&quot;layout&quot;:&quot;horizontal&quot;,&quot;toggle&quot;:&quot;burger&quot;}\" data-widget_type=\"nav-menu.default\">\n\t\t\t\t<div class=\"elementor-widget-container\">\n\t\t\t\t\t\t<nav role=\"navigation\" class=\"elementor-nav-menu--main elementor-nav-menu__container elementor-nav-menu--layout-horizontal e--pointer-none\"><ul id=\"menu-1-5c32bfd\" class=\"elementor-nav-menu\"><li class=\"menu-item menu-item-type-post_type menu-item-object-page menu-item-home menu-item-105\"><a href=\"https:\/\/genderandmedia.bbcmediaaction.org\/fr\/\" class=\"elementor-item\">ACCUEIL<\/a><\/li>\n<li class=\"menu-item menu-item-type-post_type menu-item-object-page menu-item-104\"><a href=\"https:\/\/genderandmedia.bbcmediaaction.org\/fr\/quest-ce-que-le-genre\/\" class=\"elementor-item\">QU&#8217;EST-CE QUE LE GENRE?<\/a><\/li>\n<li class=\"menu-item menu-item-type-post_type menu-item-object-page menu-item-149\"><a href=\"https:\/\/genderandmedia.bbcmediaaction.org\/fr\/faire-une-difference-avec-les-medias\/\" class=\"elementor-item\">FAIRE UNE DIFF\u00c9RENCE AVEC LES M\u00c9DIAS?<\/a><\/li>\n<li class=\"menu-item menu-item-type-post_type menu-item-object-page menu-item-180\"><a href=\"https:\/\/genderandmedia.bbcmediaaction.org\/fr\/concevoir-un-projet\/\" class=\"elementor-item\">CONCEVOIR UN PROJET<\/a><\/li>\n<li class=\"menu-item menu-item-type-post_type menu-item-object-page menu-item-220\"><a href=\"https:\/\/genderandmedia.bbcmediaaction.org\/fr\/realiser-un-programme\/\" class=\"elementor-item\">R\u00c9ALISER UN PROGRAMME<\/a><\/li>\n<li class=\"menu-item menu-item-type-post_type menu-item-object-page menu-item-242\"><a href=\"https:\/\/genderandmedia.bbcmediaaction.org\/fr\/ressources\/\" class=\"elementor-item\">RESSOURCES<\/a><\/li>\n<\/ul><\/nav>\n\t\t\t\t\t<div class=\"elementor-menu-toggle\" role=\"button\" tabindex=\"0\" aria-label=\"Menu Toggle\" aria-expanded=\"false\">\n\t\t\t<i class=\"eicon-menu-bar\" aria-hidden=\"true\"><\/i>\n\t\t\t<span class=\"elementor-screen-only\">Menu<\/span>\n\t\t<\/div>\n\t\t\t<nav class=\"elementor-nav-menu--dropdown elementor-nav-menu__container\" role=\"navigation\" aria-hidden=\"true\"><ul id=\"menu-2-5c32bfd\" class=\"elementor-nav-menu\"><li class=\"menu-item menu-item-type-post_type menu-item-object-page menu-item-home menu-item-105\"><a href=\"https:\/\/genderandmedia.bbcmediaaction.org\/fr\/\" class=\"elementor-item\">ACCUEIL<\/a><\/li>\n<li class=\"menu-item menu-item-type-post_type menu-item-object-page menu-item-104\"><a href=\"https:\/\/genderandmedia.bbcmediaaction.org\/fr\/quest-ce-que-le-genre\/\" class=\"elementor-item\">QU&#8217;EST-CE QUE LE GENRE?<\/a><\/li>\n<li class=\"menu-item menu-item-type-post_type menu-item-object-page menu-item-149\"><a href=\"https:\/\/genderandmedia.bbcmediaaction.org\/fr\/faire-une-difference-avec-les-medias\/\" class=\"elementor-item\">FAIRE UNE DIFF\u00c9RENCE AVEC LES M\u00c9DIAS?<\/a><\/li>\n<li class=\"menu-item menu-item-type-post_type menu-item-object-page menu-item-180\"><a href=\"https:\/\/genderandmedia.bbcmediaaction.org\/fr\/concevoir-un-projet\/\" class=\"elementor-item\">CONCEVOIR UN PROJET<\/a><\/li>\n<li class=\"menu-item menu-item-type-post_type menu-item-object-page menu-item-220\"><a href=\"https:\/\/genderandmedia.bbcmediaaction.org\/fr\/realiser-un-programme\/\" class=\"elementor-item\">R\u00c9ALISER UN PROGRAMME<\/a><\/li>\n<li class=\"menu-item menu-item-type-post_type menu-item-object-page menu-item-242\"><a href=\"https:\/\/genderandmedia.bbcmediaaction.org\/fr\/ressources\/\" class=\"elementor-item\">RESSOURCES<\/a><\/li>\n<\/ul><\/nav>\n\t\t\t\t<\/div>\n\t\t\t\t<\/div>\n\t\t\t\t\t<\/div>\n\t\t<\/div>\n\t\t\t\t\t\t\t<\/div>\n\t\t<\/section>\n\t\t\t\t\t<\/div>\n\t\t<\/div>\n\t\t\t\t\t\t\t<\/div>\n\t\t<\/section>\n\t\t\t\t<section class=\"elementor-section elementor-top-section elementor-element elementor-element-4fa1bda elementor-section-boxed elementor-section-height-default elementor-section-height-default\" data-id=\"4fa1bda\" data-element_type=\"section\">\n\t\t\t\t\t\t<div class=\"elementor-container elementor-column-gap-default\">\n\t\t\t\t\t<div class=\"elementor-column elementor-col-100 elementor-top-column elementor-element elementor-element-e88a54e\" data-id=\"e88a54e\" data-element_type=\"column\">\n\t\t\t<div class=\"elementor-widget-wrap elementor-element-populated\">\n\t\t\t\t\t\t\t\t<div class=\"elementor-element elementor-element-bddff63 elementor-widget elementor-widget-heading\" data-id=\"bddff63\" data-element_type=\"widget\" data-widget_type=\"heading.default\">\n\t\t\t\t<div class=\"elementor-widget-container\">\n\t\t\t<h4 class=\"elementor-heading-title elementor-size-default\">Travaillez-vous dans les m\u00e9dias et la communication pour le d\u00e9veloppement?\n<br>Souhaitez-vous qu\u2019il y ait plus d\u2019\u00e9galit\u00e9 entre les hommes et les femmes?\n<br>Si les deux r\u00e9ponses sont oui, cette bo\u00eete \u00e0 outils est faite pour vous \n<\/h4>\t\t<\/div>\n\t\t\t\t<\/div>\n\t\t\t\t<div class=\"elementor-element elementor-element-61491d5 elementor-widget elementor-widget-text-editor\" data-id=\"61491d5\" data-element_type=\"widget\" data-widget_type=\"text-editor.default\">\n\t\t\t\t<div class=\"elementor-widget-container\">\n\t\t\t\t\t<div class=\"elementor-text-editor elementor-clearfix\"><p><strong>Ce site donne des conseils pratiques sur les droits des femmes et l\u2019\u00e9galit\u00e9 des sexes aux chefs de projet et aux cr\u00e9ateurs de programmes. L&#8217;objectif primordial est de donner aux utilisateurs les moyens de lutter contre les st\u00e9r\u00e9otypes de genre et de servir les hommes et les femmes de mani\u00e8re \u00e9gale. <\/strong><\/p><p>M\u00eame si nous avons certainement fait des progr\u00e8s consid\u00e9rables au cours des derni\u00e8res d\u00e9cennies, l&#8217;in\u00e9galit\u00e9 entre les sexes persiste encore dans le monde.<\/p><p>Les femmes et les filles continuent de faire face \u00e0 de r\u00e9els d\u00e9fis pour s&#8217;impliquer dans la politique, gagner un salaire \u00e9quitable, aller \u00e0 l&#8217;\u00e9cole et avoir acc\u00e8s aux soins m\u00e9dicaux. Beaucoup ont m\u00eame du mal \u00e0 contribuer dans la prise de d\u00e9cisions relatives \u00e0 leur propre foyer.<\/p><p>En refl\u00e9tant et en creusant le foss\u00e9 des in\u00e9galit\u00e9s entre les hommes et les femmes, les m\u00e9dias assument une part de responsabilit\u00e9 dans ces probl\u00e8mes. Par exemple, dans de nombreux pays, les \u00e9missions politiques montrent encore des hommes qui parlent d&#8217;hommes \u00e0 d\u2019autres hommes. Les femmes dans les films obtiennent moins de r\u00e9pliques et sont moins susceptibles d&#8217;\u00eatre choisies comme protagonistes contrairement \u00e0 leurs homologues masculins. Pourtant, les m\u00e9dias peuvent \u00e9galement \u00eatre les champions de l&#8217;\u00e9galit\u00e9 des sexes. Voyez comment nous proc\u00e9dons dans nos projets.<\/p><\/div>\n\t\t\t\t<\/div>\n\t\t\t\t<\/div>\n\t\t\t\t<section class=\"elementor-section elementor-inner-section elementor-element elementor-element-fac3665 elementor-section-boxed elementor-section-height-default elementor-section-height-default\" data-id=\"fac3665\" data-element_type=\"section\">\n\t\t\t\t\t\t<div class=\"elementor-container elementor-column-gap-default\">\n\t\t\t\t\t<div class=\"elementor-column elementor-col-100 elementor-inner-column elementor-element elementor-element-ebcd290\" data-id=\"ebcd290\" data-element_type=\"column\">\n\t\t\t<div class=\"elementor-widget-wrap elementor-element-populated\">\n\t\t\t\t\t\t\t\t<div class=\"elementor-element elementor-element-557325d elementor-aspect-ratio-169 elementor-widget elementor-widget-video\" data-id=\"557325d\" data-element_type=\"widget\" data-settings=\"{&quot;youtube_url&quot;:&quot;https:\\\/\\\/www.youtube.com\\\/embed\\\/ebfwu4-1qMk&quot;,&quot;show_image_overlay&quot;:&quot;yes&quot;,&quot;image_overlay&quot;:{&quot;url&quot;:&quot;https:\\\/\\\/genderandmedia.bbcmediaaction.org\\\/wp-content\\\/uploads\\\/2021\\\/03\\\/video_homepage.jpg&quot;,&quot;id&quot;:65},&quot;video_type&quot;:&quot;youtube&quot;,&quot;controls&quot;:&quot;yes&quot;,&quot;aspect_ratio&quot;:&quot;169&quot;}\" data-widget_type=\"video.default\">\n\t\t\t\t<div class=\"elementor-widget-container\">\n\t\t\t\t\t<div class=\"elementor-wrapper elementor-fit-aspect-ratio elementor-open-inline\">\n\t\t\t<div class=\"elementor-video\"><\/div>\t\t\t\t<div class=\"elementor-custom-embed-image-overlay\" style=\"background-image: url(https:\/\/genderandmedia.bbcmediaaction.org\/fr\/wp-content\/uploads\/2021\/03\/video_homepage.jpg);\">\n\t\t\t\t\t\t\t\t\t\t\t\t\t\t\t\t<div class=\"elementor-custom-embed-play\" role=\"button\">\n\t\t\t\t\t\t\t<i class=\"eicon-play\" aria-hidden=\"true\"><\/i>\n\t\t\t\t\t\t\t<span class=\"elementor-screen-only\">Play Video<\/span>\n\t\t\t\t\t\t<\/div>\n\t\t\t\t\t\t\t\t\t<\/div>\n\t\t\t\t\t<\/div>\n\t\t\t\t<\/div>\n\t\t\t\t<\/div>\n\t\t\t\t\t<\/div>\n\t\t<\/div>\n\t\t\t\t\t\t\t<\/div>\n\t\t<\/section>\n\t\t\t\t\t<\/div>\n\t\t<\/div>\n\t\t\t\t\t\t\t<\/div>\n\t\t<\/section>\n\t\t\t\t<section class=\"elementor-section elementor-top-section elementor-element elementor-element-7746f39 elementor-section-boxed elementor-section-height-default elementor-section-height-default\" data-id=\"7746f39\" data-element_type=\"section\">\n\t\t\t\t\t\t<div class=\"elementor-container elementor-column-gap-default\">\n\t\t\t\t\t<div class=\"elementor-column elementor-col-50 elementor-top-column elementor-element elementor-element-8ed2866\" data-id=\"8ed2866\" data-element_type=\"column\">\n\t\t\t<div class=\"elementor-widget-wrap elementor-element-populated\">\n\t\t\t\t\t\t\t\t<div class=\"elementor-element elementor-element-e5dde7b elementor-widget elementor-widget-image\" data-id=\"e5dde7b\" data-element_type=\"widget\" data-widget_type=\"image.default\">\n\t\t\t\t<div class=\"elementor-widget-container\">\n\t\t\t\t\t<div class=\"elementor-image\">\n\t\t\t\t\t\t\t\t\t\t\t<a href=\"https:\/\/genderandmedia.bbcmediaaction.org\/fr\/quest-ce-que-le-genre\/\">\n\t\t\t\t\t\t\t<img loading=\"lazy\" decoding=\"async\" width=\"800\" height=\"498\" src=\"https:\/\/genderandmedia.bbcmediaaction.org\/fr\/wp-content\/uploads\/2021\/04\/box_01.jpg\" class=\"attachment-large size-large\" alt=\"\" srcset=\"https:\/\/genderandmedia.bbcmediaaction.org\/fr\/wp-content\/uploads\/2021\/04\/box_01.jpg 1024w, https:\/\/genderandmedia.bbcmediaaction.org\/fr\/wp-content\/uploads\/2021\/04\/box_01-300x187.jpg 300w, https:\/\/genderandmedia.bbcmediaaction.org\/fr\/wp-content\/uploads\/2021\/04\/box_01-768x478.jpg 768w\" sizes=\"(max-width: 800px) 100vw, 800px\" \/>\t\t\t\t\t\t\t\t<\/a>\n\t\t\t\t\t\t\t\t\t\t\t<\/div>\n\t\t\t\t<\/div>\n\t\t\t\t<\/div>\n\t\t\t\t\t<\/div>\n\t\t<\/div>\n\t\t\t\t<div class=\"elementor-column elementor-col-50 elementor-top-column elementor-element elementor-element-b633e49\" data-id=\"b633e49\" data-element_type=\"column\">\n\t\t\t<div class=\"elementor-widget-wrap elementor-element-populated\">\n\t\t\t\t\t\t\t\t<div class=\"elementor-element elementor-element-b91f593 elementor-widget elementor-widget-image\" data-id=\"b91f593\" data-element_type=\"widget\" data-widget_type=\"image.default\">\n\t\t\t\t<div class=\"elementor-widget-container\">\n\t\t\t\t\t<div class=\"elementor-image\">\n\t\t\t\t\t\t\t\t\t\t\t<a href=\"https:\/\/genderandmedia.bbcmediaaction.org\/fr\/faire-une-difference-avec-les-medias\/\">\n\t\t\t\t\t\t\t<img loading=\"lazy\" decoding=\"async\" width=\"800\" height=\"498\" src=\"https:\/\/genderandmedia.bbcmediaaction.org\/fr\/wp-content\/uploads\/2021\/04\/box_02.jpg\" class=\"attachment-large size-large\" alt=\"\" srcset=\"https:\/\/genderandmedia.bbcmediaaction.org\/fr\/wp-content\/uploads\/2021\/04\/box_02.jpg 1024w, https:\/\/genderandmedia.bbcmediaaction.org\/fr\/wp-content\/uploads\/2021\/04\/box_02-300x187.jpg 300w, https:\/\/genderandmedia.bbcmediaaction.org\/fr\/wp-content\/uploads\/2021\/04\/box_02-768x478.jpg 768w\" sizes=\"(max-width: 800px) 100vw, 800px\" \/>\t\t\t\t\t\t\t\t<\/a>\n\t\t\t\t\t\t\t\t\t\t\t<\/div>\n\t\t\t\t<\/div>\n\t\t\t\t<\/div>\n\t\t\t\t\t<\/div>\n\t\t<\/div>\n\t\t\t\t\t\t\t<\/div>\n\t\t<\/section>\n\t\t\t\t<section class=\"elementor-section elementor-top-section elementor-element elementor-element-366e02d elementor-section-boxed elementor-section-height-default elementor-section-height-default\" data-id=\"366e02d\" data-element_type=\"section\">\n\t\t\t\t\t\t<div class=\"elementor-container elementor-column-gap-default\">\n\t\t\t\t\t<div class=\"elementor-column elementor-col-50 elementor-top-column elementor-element elementor-element-6dbb703\" data-id=\"6dbb703\" data-element_type=\"column\">\n\t\t\t<div class=\"elementor-widget-wrap elementor-element-populated\">\n\t\t\t\t\t\t\t\t<div class=\"elementor-element elementor-element-a8d67be elementor-widget elementor-widget-image\" data-id=\"a8d67be\" data-element_type=\"widget\" data-widget_type=\"image.default\">\n\t\t\t\t<div class=\"elementor-widget-container\">\n\t\t\t\t\t<div class=\"elementor-image\">\n\t\t\t\t\t\t\t\t\t\t\t<a href=\"https:\/\/genderandmedia.bbcmediaaction.org\/fr\/concevoir-un-projet\/\">\n\t\t\t\t\t\t\t<img loading=\"lazy\" decoding=\"async\" width=\"800\" height=\"498\" src=\"https:\/\/genderandmedia.bbcmediaaction.org\/fr\/wp-content\/uploads\/2021\/04\/box_03.jpg\" class=\"attachment-large size-large\" alt=\"\" srcset=\"https:\/\/genderandmedia.bbcmediaaction.org\/fr\/wp-content\/uploads\/2021\/04\/box_03.jpg 1024w, https:\/\/genderandmedia.bbcmediaaction.org\/fr\/wp-content\/uploads\/2021\/04\/box_03-300x187.jpg 300w, https:\/\/genderandmedia.bbcmediaaction.org\/fr\/wp-content\/uploads\/2021\/04\/box_03-768x478.jpg 768w\" sizes=\"(max-width: 800px) 100vw, 800px\" \/>\t\t\t\t\t\t\t\t<\/a>\n\t\t\t\t\t\t\t\t\t\t\t<\/div>\n\t\t\t\t<\/div>\n\t\t\t\t<\/div>\n\t\t\t\t\t<\/div>\n\t\t<\/div>\n\t\t\t\t<div class=\"elementor-column elementor-col-50 elementor-top-column elementor-element elementor-element-2065e1c\" data-id=\"2065e1c\" data-element_type=\"column\">\n\t\t\t<div class=\"elementor-widget-wrap elementor-element-populated\">\n\t\t\t\t\t\t\t\t<div class=\"elementor-element elementor-element-28aa514 elementor-widget elementor-widget-image\" data-id=\"28aa514\" data-element_type=\"widget\" data-widget_type=\"image.default\">\n\t\t\t\t<div class=\"elementor-widget-container\">\n\t\t\t\t\t<div class=\"elementor-image\">\n\t\t\t\t\t\t\t\t\t\t\t<a href=\"https:\/\/genderandmedia.bbcmediaaction.org\/fr\/realiser-un-programme\/\">\n\t\t\t\t\t\t\t<img loading=\"lazy\" decoding=\"async\" width=\"800\" height=\"498\" src=\"https:\/\/genderandmedia.bbcmediaaction.org\/fr\/wp-content\/uploads\/2021\/04\/box_04.jpg\" class=\"attachment-large size-large\" alt=\"\" srcset=\"https:\/\/genderandmedia.bbcmediaaction.org\/fr\/wp-content\/uploads\/2021\/04\/box_04.jpg 1024w, https:\/\/genderandmedia.bbcmediaaction.org\/fr\/wp-content\/uploads\/2021\/04\/box_04-300x187.jpg 300w, https:\/\/genderandmedia.bbcmediaaction.org\/fr\/wp-content\/uploads\/2021\/04\/box_04-768x478.jpg 768w\" sizes=\"(max-width: 800px) 100vw, 800px\" \/>\t\t\t\t\t\t\t\t<\/a>\n\t\t\t\t\t\t\t\t\t\t\t<\/div>\n\t\t\t\t<\/div>\n\t\t\t\t<\/div>\n\t\t\t\t\t<\/div>\n\t\t<\/div>\n\t\t\t\t\t\t\t<\/div>\n\t\t<\/section>\n\t\t\t\t\t\t<\/div>\n\t\t\t\t\t<\/div>\n\t\t","protected":false},"excerpt":{"rendered":"<p>Menu Travaillez-vous dans les m\u00e9dias et la communication pour le d\u00e9veloppement? Souhaitez-vous qu\u2019il y ait plus d\u2019\u00e9galit\u00e9 entre les hommes et les femmes? Si les deux r\u00e9ponses sont oui, cette bo\u00eete \u00e0 outils est faite pour vous Ce site donne des conseils pratiques sur les droits des femmes et l\u2019\u00e9galit\u00e9 des sexes aux chefs de [&hellip;]<\/p>\n","protected":false},"author":1,"featured_media":0,"parent":0,"menu_order":0,"comment_status":"closed","ping_status":"closed","template":"elementor_header_footer","meta":{"footnotes":""},"_links":{"self":[{"href":"https:\/\/genderandmedia.bbcmediaaction.org\/fr\/wp-json\/wp\/v2\/pages\/35"}],"collection":[{"href":"https:\/\/genderandmedia.bbcmediaaction.org\/fr\/wp-json\/wp\/v2\/pages"}],"about":[{"href":"https:\/\/genderandmedia.bbcmediaaction.org\/fr\/wp-json\/wp\/v2\/types\/page"}],"author":[{"embeddable":true,"href":"https:\/\/genderandmedia.bbcmediaaction.org\/fr\/wp-json\/wp\/v2\/users\/1"}],"replies":[{"embeddable":true,"href":"https:\/\/genderandmedia.bbcmediaaction.org\/fr\/wp-json\/wp\/v2\/comments?post=35"}],"version-history":[{"count":88,"href":"https:\/\/genderandmedia.bbcmediaaction.org\/fr\/wp-json\/wp\/v2\/pages\/35\/revisions"}],"predecessor-version":[{"id":716,"href":"https:\/\/genderandmedia.bbcmediaaction.org\/fr\/wp-json\/wp\/v2\/pages\/35\/revisions\/716"}],"wp:attachment":[{"href":"https:\/\/genderandmedia.bbcmediaaction.org\/fr\/wp-json\/wp\/v2\/media?parent=35"}],"curies":[{"name":"wp","href":"https:\/\/api.w.org\/{rel}","templated":true}]}}