{"id":279,"date":"2021-03-16T13:52:03","date_gmt":"2021-03-16T13:52:03","guid":{"rendered":"https:\/\/genderandmedia.bbcmediaaction.org\/?page_id=279"},"modified":"2021-03-31T14:28:09","modified_gmt":"2021-03-31T14:28:09","slug":"politique-de-confidentialite","status":"publish","type":"page","link":"https:\/\/genderandmedia.bbcmediaaction.org\/fr\/politique-de-confidentialite\/","title":{"rendered":"Politique de confidentialit\u00e9"},"content":{"rendered":"\t\t<div data-elementor-type=\"wp-page\" data-elementor-id=\"279\" class=\"elementor elementor-279\" data-elementor-settings=\"[]\">\n\t\t\t\t\t\t\t<div class=\"elementor-section-wrap\">\n\t\t\t\t\t\t\t<section class=\"elementor-section elementor-top-section elementor-element elementor-element-5409a68 elementor-section-full_width elementor-section-height-min-height elementor-section-items-stretch elementor-section-content-bottom elementor-section-height-default\" data-id=\"5409a68\" data-element_type=\"section\" data-settings=\"{&quot;background_background&quot;:&quot;classic&quot;}\">\n\t\t\t\t\t\t<div class=\"elementor-container elementor-column-gap-default\">\n\t\t\t\t\t<div class=\"elementor-column elementor-col-100 elementor-top-column elementor-element elementor-element-312516b\" data-id=\"312516b\" data-element_type=\"column\">\n\t\t\t<div class=\"elementor-widget-wrap elementor-element-populated\">\n\t\t\t\t\t\t\t\t<section class=\"elementor-section elementor-inner-section elementor-element elementor-element-4c310c2 elementor-section-boxed elementor-section-height-default elementor-section-height-default\" data-id=\"4c310c2\" data-element_type=\"section\" data-settings=\"{&quot;background_background&quot;:&quot;classic&quot;}\">\n\t\t\t\t\t\t<div class=\"elementor-container elementor-column-gap-default\">\n\t\t\t\t\t<div class=\"elementor-column elementor-col-100 elementor-inner-column elementor-element elementor-element-d13ea47\" data-id=\"d13ea47\" data-element_type=\"column\">\n\t\t\t<div class=\"elementor-widget-wrap elementor-element-populated\">\n\t\t\t\t\t\t\t\t<div class=\"elementor-element elementor-element-61c3b5f elementor-tablet-align-center elementor-hidden-desktop elementor-widget elementor-widget-button\" data-id=\"61c3b5f\" data-element_type=\"widget\" data-widget_type=\"button.default\">\n\t\t\t\t<div class=\"elementor-widget-container\">\n\t\t\t\t\t<div class=\"elementor-button-wrapper\">\n\t\t\t<a href=\"#elementor-action%3Aaction%3Dpopup%3Aopen%26settings%3DeyJpZCI6IjM1MCIsInRvZ2dsZSI6ZmFsc2V9\" class=\"elementor-button-link elementor-button elementor-size-sm\" role=\"button\">\n\t\t\t\t\t\t<span class=\"elementor-button-content-wrapper\">\n\t\t\t\t\t\t<span class=\"elementor-button-icon elementor-align-icon-left\">\n\t\t\t\t<i aria-hidden=\"true\" class=\"fas fa-bars\"><\/i>\t\t\t<\/span>\n\t\t\t\t\t\t<span class=\"elementor-button-text\">Menu<\/span>\n\t\t<\/span>\n\t\t\t\t\t<\/a>\n\t\t<\/div>\n\t\t\t\t<\/div>\n\t\t\t\t<\/div>\n\t\t\t\t<div class=\"elementor-element elementor-element-7ddaf19 elementor-nav-menu__align-center elementor-hidden-tablet elementor-hidden-phone elementor-nav-menu--indicator-classic elementor-nav-menu--dropdown-tablet elementor-nav-menu__text-align-aside elementor-nav-menu--toggle elementor-nav-menu--burger elementor-widget elementor-widget-nav-menu\" data-id=\"7ddaf19\" data-element_type=\"widget\" data-settings=\"{&quot;layout&quot;:&quot;horizontal&quot;,&quot;toggle&quot;:&quot;burger&quot;}\" data-widget_type=\"nav-menu.default\">\n\t\t\t\t<div class=\"elementor-widget-container\">\n\t\t\t\t\t\t<nav role=\"navigation\" class=\"elementor-nav-menu--main elementor-nav-menu__container elementor-nav-menu--layout-horizontal e--pointer-none\"><ul id=\"menu-1-7ddaf19\" class=\"elementor-nav-menu\"><li class=\"menu-item menu-item-type-post_type menu-item-object-page menu-item-home menu-item-105\"><a href=\"https:\/\/genderandmedia.bbcmediaaction.org\/fr\/\" class=\"elementor-item\">ACCUEIL<\/a><\/li>\n<li class=\"menu-item menu-item-type-post_type menu-item-object-page menu-item-104\"><a href=\"https:\/\/genderandmedia.bbcmediaaction.org\/fr\/quest-ce-que-le-genre\/\" class=\"elementor-item\">QU&#8217;EST-CE QUE LE GENRE?<\/a><\/li>\n<li class=\"menu-item menu-item-type-post_type menu-item-object-page menu-item-149\"><a href=\"https:\/\/genderandmedia.bbcmediaaction.org\/fr\/faire-une-difference-avec-les-medias\/\" class=\"elementor-item\">FAIRE UNE DIFF\u00c9RENCE AVEC LES M\u00c9DIAS?<\/a><\/li>\n<li class=\"menu-item menu-item-type-post_type menu-item-object-page menu-item-180\"><a href=\"https:\/\/genderandmedia.bbcmediaaction.org\/fr\/concevoir-un-projet\/\" class=\"elementor-item\">CONCEVOIR UN PROJET<\/a><\/li>\n<li class=\"menu-item menu-item-type-post_type menu-item-object-page menu-item-220\"><a href=\"https:\/\/genderandmedia.bbcmediaaction.org\/fr\/realiser-un-programme\/\" class=\"elementor-item\">R\u00c9ALISER UN PROGRAMME<\/a><\/li>\n<li class=\"menu-item menu-item-type-post_type menu-item-object-page menu-item-242\"><a href=\"https:\/\/genderandmedia.bbcmediaaction.org\/fr\/ressources\/\" class=\"elementor-item\">RESSOURCES<\/a><\/li>\n<\/ul><\/nav>\n\t\t\t\t\t<div class=\"elementor-menu-toggle\" role=\"button\" tabindex=\"0\" aria-label=\"Menu Toggle\" aria-expanded=\"false\">\n\t\t\t<i class=\"eicon-menu-bar\" aria-hidden=\"true\"><\/i>\n\t\t\t<span class=\"elementor-screen-only\">Menu<\/span>\n\t\t<\/div>\n\t\t\t<nav class=\"elementor-nav-menu--dropdown elementor-nav-menu__container\" role=\"navigation\" aria-hidden=\"true\"><ul id=\"menu-2-7ddaf19\" class=\"elementor-nav-menu\"><li class=\"menu-item menu-item-type-post_type menu-item-object-page menu-item-home menu-item-105\"><a href=\"https:\/\/genderandmedia.bbcmediaaction.org\/fr\/\" class=\"elementor-item\">ACCUEIL<\/a><\/li>\n<li class=\"menu-item menu-item-type-post_type menu-item-object-page menu-item-104\"><a href=\"https:\/\/genderandmedia.bbcmediaaction.org\/fr\/quest-ce-que-le-genre\/\" class=\"elementor-item\">QU&#8217;EST-CE QUE LE GENRE?<\/a><\/li>\n<li class=\"menu-item menu-item-type-post_type menu-item-object-page menu-item-149\"><a href=\"https:\/\/genderandmedia.bbcmediaaction.org\/fr\/faire-une-difference-avec-les-medias\/\" class=\"elementor-item\">FAIRE UNE DIFF\u00c9RENCE AVEC LES M\u00c9DIAS?<\/a><\/li>\n<li class=\"menu-item menu-item-type-post_type menu-item-object-page menu-item-180\"><a href=\"https:\/\/genderandmedia.bbcmediaaction.org\/fr\/concevoir-un-projet\/\" class=\"elementor-item\">CONCEVOIR UN PROJET<\/a><\/li>\n<li class=\"menu-item menu-item-type-post_type menu-item-object-page menu-item-220\"><a href=\"https:\/\/genderandmedia.bbcmediaaction.org\/fr\/realiser-un-programme\/\" class=\"elementor-item\">R\u00c9ALISER UN PROGRAMME<\/a><\/li>\n<li class=\"menu-item menu-item-type-post_type menu-item-object-page menu-item-242\"><a href=\"https:\/\/genderandmedia.bbcmediaaction.org\/fr\/ressources\/\" class=\"elementor-item\">RESSOURCES<\/a><\/li>\n<\/ul><\/nav>\n\t\t\t\t<\/div>\n\t\t\t\t<\/div>\n\t\t\t\t\t<\/div>\n\t\t<\/div>\n\t\t\t\t\t\t\t<\/div>\n\t\t<\/section>\n\t\t\t\t\t<\/div>\n\t\t<\/div>\n\t\t\t\t\t\t\t<\/div>\n\t\t<\/section>\n\t\t\t\t<section class=\"elementor-section elementor-top-section elementor-element elementor-element-4fa1bda elementor-section-boxed elementor-section-height-default elementor-section-height-default\" data-id=\"4fa1bda\" data-element_type=\"section\">\n\t\t\t\t\t\t<div class=\"elementor-container elementor-column-gap-default\">\n\t\t\t\t\t<div class=\"elementor-column elementor-col-100 elementor-top-column elementor-element elementor-element-e88a54e\" data-id=\"e88a54e\" data-element_type=\"column\">\n\t\t\t<div class=\"elementor-widget-wrap elementor-element-populated\">\n\t\t\t\t\t\t\t\t<div class=\"elementor-element elementor-element-bddff63 elementor-widget elementor-widget-heading\" data-id=\"bddff63\" data-element_type=\"widget\" data-widget_type=\"heading.default\">\n\t\t\t\t<div class=\"elementor-widget-container\">\n\t\t\t<h4 class=\"elementor-heading-title elementor-size-default\">Politique de confidentialit\u00e9<\/h4>\t\t<\/div>\n\t\t\t\t<\/div>\n\t\t\t\t<div class=\"elementor-element elementor-element-61491d5 elementor-widget elementor-widget-text-editor\" data-id=\"61491d5\" data-element_type=\"widget\" data-widget_type=\"text-editor.default\">\n\t\t\t\t<div class=\"elementor-widget-container\">\n\t\t\t\t\t<div class=\"elementor-text-editor elementor-clearfix\"><p>En utilisant le site Web, vous acceptez que vos informations personnelles soient trait\u00e9es conform\u00e9ment \u00e0 la pr\u00e9sente politique de confidentialit\u00e9. Si vous n&#8217;\u00eates pas d&#8217;accord avec cette politique de confidentialit\u00e9, veuillez ne pas utiliser le site Web Media Neighborhood.<br \/><strong><br \/>1. Introduction<\/strong><br \/>Cette politique de confidentialit\u00e9 s&#8217;applique \u00e0 la collecte d&#8217;informations personnelles et \u00e0 l&#8217;utilisation de cookies via le site Web situ\u00e9 \u00e0 l&#8217;adresse https:\/\/genderandmedia.bbcmediaaction.org. Veuillez lire cette politique de confidentialit\u00e9 conjointement avec les conditions g\u00e9n\u00e9rales d&#8217;utilisation du site Web<\/p><p><strong>2. Qu&#8217;y a-t-il dans les cookies ? <\/strong><br \/>La plupart des sites Web que vous visitez utiliseront des cookies afin d&#8217;am\u00e9liorer votre exp\u00e9rience utilisateur en permettant \u00e0 ce site Web de\u00a0 &#8221;se souvenir &#8221; de vous, soit pour la dur\u00e9e de votre visite (en utilisant un &#8221;cookie de session&#8221;) ou pour des visites r\u00e9p\u00e9t\u00e9es (en utilisant un &#8221;cookie persistant&#8221;).<\/p><p>Les cookies effectuent de nombreuses t\u00e2ches diff\u00e9rentes, par exemple, ils vous permettent de naviguer efficacement entre les pages, de stocker vos pr\u00e9f\u00e9rences et d\u2019am\u00e9liorer en g\u00e9n\u00e9ral votre exp\u00e9rience sur un site Web. Les cookies rendent l&#8217;interaction entre vous et le site Web plus rapide et plus facile. Certains sites Web utiliseront \u00e9galement des cookies pour leur permettre de cibler leurs messages publicitaires ou marketing en fonction, par exemple, de votre emplacement et \/ ou de vos habitudes de navigation.<\/p><p>Les cookies peuvent \u00eatre d\u00e9finis par le site Web que vous visitez (\u00ab cookies internes \u00bb) ou par d\u2019autres sites Web qui ex\u00e9cutent du contenu sur la page que vous consultez (\u00ab cookies tiers\u00bb).<\/p><p>Un cookie est un simple fichier texte qui est stock\u00e9 sur votre ordinateur ou appareil mobile par le serveur d\u2019un site Web et seul ce serveur pourra r\u00e9cup\u00e9rer ou lire le contenu de ce cookie. Chaque cookie est unique \u00e0 votre navigateur Web. Il contiendra des informations anonymes telles qu&#8217;un identifiant unique et le nom du site et quelques chiffres et num\u00e9ros. Il permet \u00e0 un site Web de se souvenir de vos pr\u00e9f\u00e9rences en ligne.<\/p><p>Si vous ne souhaitez pas recevoir de cookies, vous pouvez modifier votre navigateur afin qu&#8217;il vous avertisse lorsque des cookies lui sont envoy\u00e9s ou vous pouvez refuser compl\u00e8tement les cookies. Vous pouvez \u00e9galement supprimer les cookies qui ont d\u00e9j\u00e0 \u00e9t\u00e9 d\u00e9finis, bien que cela puisse affecter votre acc\u00e8s \u00e0 un site Web.<\/p><p>Si vous souhaitez restreindre ou bloquer les cookies du navigateur Web qui sont d\u00e9finis sur votre appareil, vous pouvez le faire \u00e0 travers les param\u00e8tres de votre navigateur ; la fonction Aide de votre navigateur devrait vous indiquer comment. Sinon, vous pouvez visiter le site www.aboutcookies.org qui contient des informations compl\u00e8tes sur la fa\u00e7on de proc\u00e9der sur une grande vari\u00e9t\u00e9 de navigateurs de bureau.<br \/><strong><br \/>3. Utilisation des cookies<\/strong><br \/>Le site Web utilise Google Analytics, un cookie qui collecte des informations sur la fa\u00e7on dont les visiteurs utilisent le site Web, comme la fa\u00e7on dont ils se d\u00e9placent sur le site, quand est-ce qu\u2019ils l&#8217;utilisent, comment ils acc\u00e8dent au site Web et le contenu qui int\u00e9resse le plus les utilisateurs. Cela nous aide \u00e0 \u00e9laborer des rapports pour les donateurs et am\u00e9liore le service du site Web.<br \/><br \/><b>4. Les informations que nous pouvons collecter aupr\u00e8s de vous<br \/><\/b>Le site Web peut \u00eatre utilis\u00e9 gratuitement sans obligation de s&#8217;inscrire ou de fournir des informations personnelles. Si toutefois vous souhaitez contacter les administrateurs du site Web, veuillez envoyer un\u00a0\u00a0\u00a0 e-mail \u00e0 media.action@bbc.co.uk. Les administrateurs du site Web conserveront ces informations personnelles dans le seul but de r\u00e9pondre aux demandes de renseignements. Les utilisateurs qui contactent les administrateurs du site le font \u00e0 leur propre discr\u00e9tion et fournissent des informations personnelles \u00e0 leurs propres risques et p\u00e9rils.<\/p><\/div>\n\t\t\t\t<\/div>\n\t\t\t\t<\/div>\n\t\t\t\t\t<\/div>\n\t\t<\/div>\n\t\t\t\t\t\t\t<\/div>\n\t\t<\/section>\n\t\t\t\t\t\t<\/div>\n\t\t\t\t\t<\/div>\n\t\t","protected":false},"excerpt":{"rendered":"<p>Menu Politique de confidentialit\u00e9 En utilisant le site Web, vous acceptez que vos informations personnelles soient trait\u00e9es conform\u00e9ment \u00e0 la pr\u00e9sente politique de confidentialit\u00e9. Si vous n&#8217;\u00eates pas d&#8217;accord avec cette politique de confidentialit\u00e9, veuillez ne pas utiliser le site Web Media Neighborhood.1. IntroductionCette politique de confidentialit\u00e9 s&#8217;applique \u00e0 la collecte d&#8217;informations personnelles et \u00e0 [&hellip;]<\/p>\n","protected":false},"author":1,"featured_media":0,"parent":0,"menu_order":0,"comment_status":"closed","ping_status":"closed","template":"elementor_header_footer","meta":{"footnotes":""},"_links":{"self":[{"href":"https:\/\/genderandmedia.bbcmediaaction.org\/fr\/wp-json\/wp\/v2\/pages\/279"}],"collection":[{"href":"https:\/\/genderandmedia.bbcmediaaction.org\/fr\/wp-json\/wp\/v2\/pages"}],"about":[{"href":"https:\/\/genderandmedia.bbcmediaaction.org\/fr\/wp-json\/wp\/v2\/types\/page"}],"author":[{"embeddable":true,"href":"https:\/\/genderandmedia.bbcmediaaction.org\/fr\/wp-json\/wp\/v2\/users\/1"}],"replies":[{"embeddable":true,"href":"https:\/\/genderandmedia.bbcmediaaction.org\/fr\/wp-json\/wp\/v2\/comments?post=279"}],"version-history":[{"count":20,"href":"https:\/\/genderandmedia.bbcmediaaction.org\/fr\/wp-json\/wp\/v2\/pages\/279\/revisions"}],"predecessor-version":[{"id":705,"href":"https:\/\/genderandmedia.bbcmediaaction.org\/fr\/wp-json\/wp\/v2\/pages\/279\/revisions\/705"}],"wp:attachment":[{"href":"https:\/\/genderandmedia.bbcmediaaction.org\/fr\/wp-json\/wp\/v2\/media?parent=279"}],"curies":[{"name":"wp","href":"https:\/\/api.w.org\/{rel}","templated":true}]}}