{"id":266,"date":"2021-03-16T13:48:38","date_gmt":"2021-03-16T13:48:38","guid":{"rendered":"https:\/\/genderandmedia.bbcmediaaction.org\/?page_id=266"},"modified":"2021-03-31T14:27:50","modified_gmt":"2021-03-31T14:27:50","slug":"avis-de-non-responsabilite-du-site-web","status":"publish","type":"page","link":"https:\/\/genderandmedia.bbcmediaaction.org\/fr\/avis-de-non-responsabilite-du-site-web\/","title":{"rendered":"Avis de non-responsabilit\u00e9 du site Web"},"content":{"rendered":"\t\t<div data-elementor-type=\"wp-page\" data-elementor-id=\"266\" class=\"elementor elementor-266\" data-elementor-settings=\"[]\">\n\t\t\t\t\t\t\t<div class=\"elementor-section-wrap\">\n\t\t\t\t\t\t\t<section class=\"elementor-section elementor-top-section elementor-element elementor-element-5409a68 elementor-section-full_width elementor-section-height-min-height elementor-section-items-stretch elementor-section-content-bottom elementor-section-height-default\" data-id=\"5409a68\" data-element_type=\"section\" data-settings=\"{&quot;background_background&quot;:&quot;classic&quot;}\">\n\t\t\t\t\t\t<div class=\"elementor-container elementor-column-gap-default\">\n\t\t\t\t\t<div class=\"elementor-column elementor-col-100 elementor-top-column elementor-element elementor-element-312516b\" data-id=\"312516b\" data-element_type=\"column\">\n\t\t\t<div class=\"elementor-widget-wrap elementor-element-populated\">\n\t\t\t\t\t\t\t\t<section class=\"elementor-section elementor-inner-section elementor-element elementor-element-ffdf902 elementor-section-boxed elementor-section-height-default elementor-section-height-default\" data-id=\"ffdf902\" data-element_type=\"section\" data-settings=\"{&quot;background_background&quot;:&quot;classic&quot;}\">\n\t\t\t\t\t\t<div class=\"elementor-container elementor-column-gap-default\">\n\t\t\t\t\t<div class=\"elementor-column elementor-col-100 elementor-inner-column elementor-element elementor-element-6d64e24\" data-id=\"6d64e24\" data-element_type=\"column\">\n\t\t\t<div class=\"elementor-widget-wrap elementor-element-populated\">\n\t\t\t\t\t\t\t\t<div class=\"elementor-element elementor-element-e6bf74e elementor-tablet-align-center elementor-hidden-desktop elementor-widget elementor-widget-button\" data-id=\"e6bf74e\" data-element_type=\"widget\" data-widget_type=\"button.default\">\n\t\t\t\t<div class=\"elementor-widget-container\">\n\t\t\t\t\t<div class=\"elementor-button-wrapper\">\n\t\t\t<a href=\"#elementor-action%3Aaction%3Dpopup%3Aopen%26settings%3DeyJpZCI6IjM1MCIsInRvZ2dsZSI6ZmFsc2V9\" class=\"elementor-button-link elementor-button elementor-size-sm\" role=\"button\">\n\t\t\t\t\t\t<span class=\"elementor-button-content-wrapper\">\n\t\t\t\t\t\t<span class=\"elementor-button-icon elementor-align-icon-left\">\n\t\t\t\t<i aria-hidden=\"true\" class=\"fas fa-bars\"><\/i>\t\t\t<\/span>\n\t\t\t\t\t\t<span class=\"elementor-button-text\">Menu<\/span>\n\t\t<\/span>\n\t\t\t\t\t<\/a>\n\t\t<\/div>\n\t\t\t\t<\/div>\n\t\t\t\t<\/div>\n\t\t\t\t<div class=\"elementor-element elementor-element-b051aa7 elementor-nav-menu__align-center elementor-hidden-tablet elementor-hidden-phone elementor-nav-menu--indicator-classic elementor-nav-menu--dropdown-tablet elementor-nav-menu__text-align-aside elementor-nav-menu--toggle elementor-nav-menu--burger elementor-widget elementor-widget-nav-menu\" data-id=\"b051aa7\" data-element_type=\"widget\" data-settings=\"{&quot;layout&quot;:&quot;horizontal&quot;,&quot;toggle&quot;:&quot;burger&quot;}\" data-widget_type=\"nav-menu.default\">\n\t\t\t\t<div class=\"elementor-widget-container\">\n\t\t\t\t\t\t<nav role=\"navigation\" class=\"elementor-nav-menu--main elementor-nav-menu__container elementor-nav-menu--layout-horizontal e--pointer-none\"><ul id=\"menu-1-b051aa7\" class=\"elementor-nav-menu\"><li class=\"menu-item menu-item-type-post_type menu-item-object-page menu-item-home menu-item-105\"><a href=\"https:\/\/genderandmedia.bbcmediaaction.org\/fr\/\" class=\"elementor-item\">ACCUEIL<\/a><\/li>\n<li class=\"menu-item menu-item-type-post_type menu-item-object-page menu-item-104\"><a href=\"https:\/\/genderandmedia.bbcmediaaction.org\/fr\/quest-ce-que-le-genre\/\" class=\"elementor-item\">QU&#8217;EST-CE QUE LE GENRE?<\/a><\/li>\n<li class=\"menu-item menu-item-type-post_type menu-item-object-page menu-item-149\"><a href=\"https:\/\/genderandmedia.bbcmediaaction.org\/fr\/faire-une-difference-avec-les-medias\/\" class=\"elementor-item\">FAIRE UNE DIFF\u00c9RENCE AVEC LES M\u00c9DIAS?<\/a><\/li>\n<li class=\"menu-item menu-item-type-post_type menu-item-object-page menu-item-180\"><a href=\"https:\/\/genderandmedia.bbcmediaaction.org\/fr\/concevoir-un-projet\/\" class=\"elementor-item\">CONCEVOIR UN PROJET<\/a><\/li>\n<li class=\"menu-item menu-item-type-post_type menu-item-object-page menu-item-220\"><a href=\"https:\/\/genderandmedia.bbcmediaaction.org\/fr\/realiser-un-programme\/\" class=\"elementor-item\">R\u00c9ALISER UN PROGRAMME<\/a><\/li>\n<li class=\"menu-item menu-item-type-post_type menu-item-object-page menu-item-242\"><a href=\"https:\/\/genderandmedia.bbcmediaaction.org\/fr\/ressources\/\" class=\"elementor-item\">RESSOURCES<\/a><\/li>\n<\/ul><\/nav>\n\t\t\t\t\t<div class=\"elementor-menu-toggle\" role=\"button\" tabindex=\"0\" aria-label=\"Menu Toggle\" aria-expanded=\"false\">\n\t\t\t<i class=\"eicon-menu-bar\" aria-hidden=\"true\"><\/i>\n\t\t\t<span class=\"elementor-screen-only\">Menu<\/span>\n\t\t<\/div>\n\t\t\t<nav class=\"elementor-nav-menu--dropdown elementor-nav-menu__container\" role=\"navigation\" aria-hidden=\"true\"><ul id=\"menu-2-b051aa7\" class=\"elementor-nav-menu\"><li class=\"menu-item menu-item-type-post_type menu-item-object-page menu-item-home menu-item-105\"><a href=\"https:\/\/genderandmedia.bbcmediaaction.org\/fr\/\" class=\"elementor-item\">ACCUEIL<\/a><\/li>\n<li class=\"menu-item menu-item-type-post_type menu-item-object-page menu-item-104\"><a href=\"https:\/\/genderandmedia.bbcmediaaction.org\/fr\/quest-ce-que-le-genre\/\" class=\"elementor-item\">QU&#8217;EST-CE QUE LE GENRE?<\/a><\/li>\n<li class=\"menu-item menu-item-type-post_type menu-item-object-page menu-item-149\"><a href=\"https:\/\/genderandmedia.bbcmediaaction.org\/fr\/faire-une-difference-avec-les-medias\/\" class=\"elementor-item\">FAIRE UNE DIFF\u00c9RENCE AVEC LES M\u00c9DIAS?<\/a><\/li>\n<li class=\"menu-item menu-item-type-post_type menu-item-object-page menu-item-180\"><a href=\"https:\/\/genderandmedia.bbcmediaaction.org\/fr\/concevoir-un-projet\/\" class=\"elementor-item\">CONCEVOIR UN PROJET<\/a><\/li>\n<li class=\"menu-item menu-item-type-post_type menu-item-object-page menu-item-220\"><a href=\"https:\/\/genderandmedia.bbcmediaaction.org\/fr\/realiser-un-programme\/\" class=\"elementor-item\">R\u00c9ALISER UN PROGRAMME<\/a><\/li>\n<li class=\"menu-item menu-item-type-post_type menu-item-object-page menu-item-242\"><a href=\"https:\/\/genderandmedia.bbcmediaaction.org\/fr\/ressources\/\" class=\"elementor-item\">RESSOURCES<\/a><\/li>\n<\/ul><\/nav>\n\t\t\t\t<\/div>\n\t\t\t\t<\/div>\n\t\t\t\t\t<\/div>\n\t\t<\/div>\n\t\t\t\t\t\t\t<\/div>\n\t\t<\/section>\n\t\t\t\t\t<\/div>\n\t\t<\/div>\n\t\t\t\t\t\t\t<\/div>\n\t\t<\/section>\n\t\t\t\t<section class=\"elementor-section elementor-top-section elementor-element elementor-element-4fa1bda elementor-section-boxed elementor-section-height-default elementor-section-height-default\" data-id=\"4fa1bda\" data-element_type=\"section\">\n\t\t\t\t\t\t<div class=\"elementor-container elementor-column-gap-default\">\n\t\t\t\t\t<div class=\"elementor-column elementor-col-100 elementor-top-column elementor-element elementor-element-e88a54e\" data-id=\"e88a54e\" data-element_type=\"column\">\n\t\t\t<div class=\"elementor-widget-wrap elementor-element-populated\">\n\t\t\t\t\t\t\t\t<div class=\"elementor-element elementor-element-bddff63 elementor-widget elementor-widget-heading\" data-id=\"bddff63\" data-element_type=\"widget\" data-widget_type=\"heading.default\">\n\t\t\t\t<div class=\"elementor-widget-container\">\n\t\t\t<h4 class=\"elementor-heading-title elementor-size-default\">Avis de non-responsabilit\u00e9 du site Web<\/h4>\t\t<\/div>\n\t\t\t\t<\/div>\n\t\t\t\t<div class=\"elementor-element elementor-element-61491d5 elementor-widget elementor-widget-text-editor\" data-id=\"61491d5\" data-element_type=\"widget\" data-widget_type=\"text-editor.default\">\n\t\t\t\t<div class=\"elementor-widget-container\">\n\t\t\t\t\t<div class=\"elementor-text-editor elementor-clearfix\"><p><b>Objectif et utilisation<br \/><\/b>Le but du site Web disponible \u00e0 l&#8217;adresse https:\/\/genderandmedia.bbcmediaaction.org\/ (le \u00ab site Web \u00bb) est d&#8217;am\u00e9liorer l&#8217;acc\u00e8s public aux donn\u00e9es de BBC Media Action (\u00ab donn\u00e9es \u00bb) aux parties int\u00e9ress\u00e9es sur une base non lucrative. Les utilisateurs sont encourag\u00e9s \u00e0 utiliser et \u00e0 partager les donn\u00e9es avec des tiers et l&#8217;autorisation de reproduire, republier ou traduire les donn\u00e9es \u00e0 des fins de diffusion ou d&#8217;enseignement est accord\u00e9e, \u00e0 condition que les donn\u00e9es ne soient pas distribu\u00e9es \u00e0 des fins lucratives ou \u00e0 des fins commerciales.<\/p><p>Sauf indication contraire, les donn\u00e9es et les logiciels du site Web sont des \u00e9l\u00e9ments prot\u00e9g\u00e9s par le droit d&#8217;auteur de BBC Media Action. BBC Media Action se r\u00e9serve le droit \u00e0 tout moment et de temps \u00e0 autre de modifier, d&#8217;interrompre, temporairement ou d\u00e9finitivement, les donn\u00e9es et tout moyen d&#8217;acc\u00e9der ou d&#8217;utiliser les donn\u00e9es \u00e0 sa seule discr\u00e9tion.<br \/><strong><br \/>Attribution \/ Non-approbation<\/strong><br \/>Lors de l&#8217;utilisation des donn\u00e9es, les utilisateurs acceptent de fournir une attribution \u00e0 BBC Media Action. Cependant, les utilisateurs peuvent ne pas d\u00e9clarer ou laisser entendre publiquement que BBC Media Action participe ou a sponsoris\u00e9, approuv\u00e9 ou avalis\u00e9 la mani\u00e8re ou le but de l&#8217;utilisation ou de la reproduction des donn\u00e9es.<br \/><strong><br \/>Pas d\u2019association<\/strong><br \/>Les utilisateurs ne peuvent pas utiliser de marque ou logo de BBC Media Action ou de la BBC sans le consentement \u00e9crit pr\u00e9alable de BBC Media Action et sans souscrire \u00e0 la licence de marque commerciale standard de la BBC.<br \/><strong><br \/>Pas de garantie<\/strong><br \/>Les donn\u00e9es sont consid\u00e9r\u00e9es comme correctes au moment de leur publication. BBC Media Action ne peut garantir l&#8217;exactitude ou l&#8217;exhaustivit\u00e9 des donn\u00e9es ou de toute information sur ou fournie en relation avec le site Web, ou toute autre information accessible via ce site Web. BBC Media Action et ses dirigeants, administrateurs, agents, employ\u00e9s et sous-traitants, ne sont pas responsables des erreurs ou omissions ou des r\u00e9sultats obtenus de l&#8217;utilisation de ces informations et rejette toute repr\u00e9sentation ou garantie de quelque nature que ce soit, expresse ou tacite, y compris, sans s&#8217;y limiter, toute garantie d&#8217;ad\u00e9quation \u00e0 un usage particulier ou de non-violation, dans toute la mesure permise par les lois applicables.<\/p><p>BBC Media Action ne garantit pas que les fonctions contenues sur ce site Web seront ininterrompues ou sans erreur, que les d\u00e9fauts seront corrig\u00e9s ou que ce site Web ou le serveur qui le rend disponible sont exempts de virus ou d&#8217;autres composants nuisibles.<br \/><strong><br \/>Limitation de responsabilit\u00e9<\/strong><br \/>Chaque personne acc\u00e9dant aux informations sur le site Web assume l&#8217;enti\u00e8re responsabilit\u00e9 de son utilisation et comprend et accepte que BBC Media Action n&#8217;est pas responsable de toute r\u00e9clamation, perte ou dommage d\u00e9coulant de l&#8217;utilisation ou de l&#8217;acc\u00e8s \u00e0 l&#8217;information ou au site Web, y compris, sans limitation, tout dommage direct, indirect, accidentel, sp\u00e9cial ou cons\u00e9cutif.<\/p><p>Si vous avez des questions sur le site Web, y compris la demande d\u2019autorisations pour la r\u00e9utilisation des donn\u00e9es ou toute information sur le site Web, veuillez envoyer un e-mail \u00e0 media.action@bbc.co.uk.<\/p><\/div>\n\t\t\t\t<\/div>\n\t\t\t\t<\/div>\n\t\t\t\t\t<\/div>\n\t\t<\/div>\n\t\t\t\t\t\t\t<\/div>\n\t\t<\/section>\n\t\t\t\t\t\t<\/div>\n\t\t\t\t\t<\/div>\n\t\t","protected":false},"excerpt":{"rendered":"<p>Menu Avis de non-responsabilit\u00e9 du site Web Objectif et utilisationLe but du site Web disponible \u00e0 l&#8217;adresse https:\/\/genderandmedia.bbcmediaaction.org\/ (le \u00ab site Web \u00bb) est d&#8217;am\u00e9liorer l&#8217;acc\u00e8s public aux donn\u00e9es de BBC Media Action (\u00ab donn\u00e9es \u00bb) aux parties int\u00e9ress\u00e9es sur une base non lucrative. Les utilisateurs sont encourag\u00e9s \u00e0 utiliser et \u00e0 partager les donn\u00e9es [&hellip;]<\/p>\n","protected":false},"author":1,"featured_media":0,"parent":0,"menu_order":0,"comment_status":"closed","ping_status":"closed","template":"elementor_header_footer","meta":{"footnotes":""},"_links":{"self":[{"href":"https:\/\/genderandmedia.bbcmediaaction.org\/fr\/wp-json\/wp\/v2\/pages\/266"}],"collection":[{"href":"https:\/\/genderandmedia.bbcmediaaction.org\/fr\/wp-json\/wp\/v2\/pages"}],"about":[{"href":"https:\/\/genderandmedia.bbcmediaaction.org\/fr\/wp-json\/wp\/v2\/types\/page"}],"author":[{"embeddable":true,"href":"https:\/\/genderandmedia.bbcmediaaction.org\/fr\/wp-json\/wp\/v2\/users\/1"}],"replies":[{"embeddable":true,"href":"https:\/\/genderandmedia.bbcmediaaction.org\/fr\/wp-json\/wp\/v2\/comments?post=266"}],"version-history":[{"count":29,"href":"https:\/\/genderandmedia.bbcmediaaction.org\/fr\/wp-json\/wp\/v2\/pages\/266\/revisions"}],"predecessor-version":[{"id":704,"href":"https:\/\/genderandmedia.bbcmediaaction.org\/fr\/wp-json\/wp\/v2\/pages\/266\/revisions\/704"}],"wp:attachment":[{"href":"https:\/\/genderandmedia.bbcmediaaction.org\/fr\/wp-json\/wp\/v2\/media?parent=266"}],"curies":[{"name":"wp","href":"https:\/\/api.w.org\/{rel}","templated":true}]}}