{"id":243,"date":"2021-03-16T13:42:10","date_gmt":"2021-03-16T13:42:10","guid":{"rendered":"https:\/\/genderandmedia.bbcmediaaction.org\/?page_id=243"},"modified":"2021-03-31T14:27:24","modified_gmt":"2021-03-31T14:27:24","slug":"conditions-dutilisation-du-site-web","status":"publish","type":"page","link":"https:\/\/genderandmedia.bbcmediaaction.org\/fr\/conditions-dutilisation-du-site-web\/","title":{"rendered":"Conditions d&#8217;utilisation du site Web"},"content":{"rendered":"\t\t<div data-elementor-type=\"wp-page\" data-elementor-id=\"243\" class=\"elementor elementor-243\" data-elementor-settings=\"[]\">\n\t\t\t\t\t\t\t<div class=\"elementor-section-wrap\">\n\t\t\t\t\t\t\t<section class=\"elementor-section elementor-top-section elementor-element elementor-element-5409a68 elementor-section-full_width elementor-section-height-min-height elementor-section-items-stretch elementor-section-content-bottom elementor-section-height-default\" data-id=\"5409a68\" data-element_type=\"section\" data-settings=\"{&quot;background_background&quot;:&quot;classic&quot;}\">\n\t\t\t\t\t\t<div class=\"elementor-container elementor-column-gap-default\">\n\t\t\t\t\t<div class=\"elementor-column elementor-col-100 elementor-top-column elementor-element elementor-element-312516b\" data-id=\"312516b\" data-element_type=\"column\">\n\t\t\t<div class=\"elementor-widget-wrap elementor-element-populated\">\n\t\t\t\t\t\t\t\t<section class=\"elementor-section elementor-inner-section elementor-element elementor-element-bc65a55 elementor-section-boxed elementor-section-height-default elementor-section-height-default\" data-id=\"bc65a55\" data-element_type=\"section\" data-settings=\"{&quot;background_background&quot;:&quot;classic&quot;}\">\n\t\t\t\t\t\t<div class=\"elementor-container elementor-column-gap-default\">\n\t\t\t\t\t<div class=\"elementor-column elementor-col-100 elementor-inner-column elementor-element elementor-element-4d8155e\" data-id=\"4d8155e\" data-element_type=\"column\">\n\t\t\t<div class=\"elementor-widget-wrap elementor-element-populated\">\n\t\t\t\t\t\t\t\t<div class=\"elementor-element elementor-element-6e0a9b3 elementor-tablet-align-center elementor-hidden-desktop elementor-widget elementor-widget-button\" data-id=\"6e0a9b3\" data-element_type=\"widget\" data-widget_type=\"button.default\">\n\t\t\t\t<div class=\"elementor-widget-container\">\n\t\t\t\t\t<div class=\"elementor-button-wrapper\">\n\t\t\t<a href=\"#elementor-action%3Aaction%3Dpopup%3Aopen%26settings%3DeyJpZCI6IjM1MCIsInRvZ2dsZSI6ZmFsc2V9\" class=\"elementor-button-link elementor-button elementor-size-sm\" role=\"button\">\n\t\t\t\t\t\t<span class=\"elementor-button-content-wrapper\">\n\t\t\t\t\t\t<span class=\"elementor-button-icon elementor-align-icon-left\">\n\t\t\t\t<i aria-hidden=\"true\" class=\"fas fa-bars\"><\/i>\t\t\t<\/span>\n\t\t\t\t\t\t<span class=\"elementor-button-text\">Menu<\/span>\n\t\t<\/span>\n\t\t\t\t\t<\/a>\n\t\t<\/div>\n\t\t\t\t<\/div>\n\t\t\t\t<\/div>\n\t\t\t\t<div class=\"elementor-element elementor-element-c9c005d elementor-nav-menu__align-center elementor-hidden-tablet elementor-hidden-phone elementor-nav-menu--indicator-classic elementor-nav-menu--dropdown-tablet elementor-nav-menu__text-align-aside elementor-nav-menu--toggle elementor-nav-menu--burger elementor-widget elementor-widget-nav-menu\" data-id=\"c9c005d\" data-element_type=\"widget\" data-settings=\"{&quot;layout&quot;:&quot;horizontal&quot;,&quot;toggle&quot;:&quot;burger&quot;}\" data-widget_type=\"nav-menu.default\">\n\t\t\t\t<div class=\"elementor-widget-container\">\n\t\t\t\t\t\t<nav role=\"navigation\" class=\"elementor-nav-menu--main elementor-nav-menu__container elementor-nav-menu--layout-horizontal e--pointer-none\"><ul id=\"menu-1-c9c005d\" class=\"elementor-nav-menu\"><li class=\"menu-item menu-item-type-post_type menu-item-object-page menu-item-home menu-item-105\"><a href=\"https:\/\/genderandmedia.bbcmediaaction.org\/fr\/\" class=\"elementor-item\">ACCUEIL<\/a><\/li>\n<li class=\"menu-item menu-item-type-post_type menu-item-object-page menu-item-104\"><a href=\"https:\/\/genderandmedia.bbcmediaaction.org\/fr\/quest-ce-que-le-genre\/\" class=\"elementor-item\">QU&#8217;EST-CE QUE LE GENRE?<\/a><\/li>\n<li class=\"menu-item menu-item-type-post_type menu-item-object-page menu-item-149\"><a href=\"https:\/\/genderandmedia.bbcmediaaction.org\/fr\/faire-une-difference-avec-les-medias\/\" class=\"elementor-item\">FAIRE UNE DIFF\u00c9RENCE AVEC LES M\u00c9DIAS?<\/a><\/li>\n<li class=\"menu-item menu-item-type-post_type menu-item-object-page menu-item-180\"><a href=\"https:\/\/genderandmedia.bbcmediaaction.org\/fr\/concevoir-un-projet\/\" class=\"elementor-item\">CONCEVOIR UN PROJET<\/a><\/li>\n<li class=\"menu-item menu-item-type-post_type menu-item-object-page menu-item-220\"><a href=\"https:\/\/genderandmedia.bbcmediaaction.org\/fr\/realiser-un-programme\/\" class=\"elementor-item\">R\u00c9ALISER UN PROGRAMME<\/a><\/li>\n<li class=\"menu-item menu-item-type-post_type menu-item-object-page menu-item-242\"><a href=\"https:\/\/genderandmedia.bbcmediaaction.org\/fr\/ressources\/\" class=\"elementor-item\">RESSOURCES<\/a><\/li>\n<\/ul><\/nav>\n\t\t\t\t\t<div class=\"elementor-menu-toggle\" role=\"button\" tabindex=\"0\" aria-label=\"Menu Toggle\" aria-expanded=\"false\">\n\t\t\t<i class=\"eicon-menu-bar\" aria-hidden=\"true\"><\/i>\n\t\t\t<span class=\"elementor-screen-only\">Menu<\/span>\n\t\t<\/div>\n\t\t\t<nav class=\"elementor-nav-menu--dropdown elementor-nav-menu__container\" role=\"navigation\" aria-hidden=\"true\"><ul id=\"menu-2-c9c005d\" class=\"elementor-nav-menu\"><li class=\"menu-item menu-item-type-post_type menu-item-object-page menu-item-home menu-item-105\"><a href=\"https:\/\/genderandmedia.bbcmediaaction.org\/fr\/\" class=\"elementor-item\">ACCUEIL<\/a><\/li>\n<li class=\"menu-item menu-item-type-post_type menu-item-object-page menu-item-104\"><a href=\"https:\/\/genderandmedia.bbcmediaaction.org\/fr\/quest-ce-que-le-genre\/\" class=\"elementor-item\">QU&#8217;EST-CE QUE LE GENRE?<\/a><\/li>\n<li class=\"menu-item menu-item-type-post_type menu-item-object-page menu-item-149\"><a href=\"https:\/\/genderandmedia.bbcmediaaction.org\/fr\/faire-une-difference-avec-les-medias\/\" class=\"elementor-item\">FAIRE UNE DIFF\u00c9RENCE AVEC LES M\u00c9DIAS?<\/a><\/li>\n<li class=\"menu-item menu-item-type-post_type menu-item-object-page menu-item-180\"><a href=\"https:\/\/genderandmedia.bbcmediaaction.org\/fr\/concevoir-un-projet\/\" class=\"elementor-item\">CONCEVOIR UN PROJET<\/a><\/li>\n<li class=\"menu-item menu-item-type-post_type menu-item-object-page menu-item-220\"><a href=\"https:\/\/genderandmedia.bbcmediaaction.org\/fr\/realiser-un-programme\/\" class=\"elementor-item\">R\u00c9ALISER UN PROGRAMME<\/a><\/li>\n<li class=\"menu-item menu-item-type-post_type menu-item-object-page menu-item-242\"><a href=\"https:\/\/genderandmedia.bbcmediaaction.org\/fr\/ressources\/\" class=\"elementor-item\">RESSOURCES<\/a><\/li>\n<\/ul><\/nav>\n\t\t\t\t<\/div>\n\t\t\t\t<\/div>\n\t\t\t\t\t<\/div>\n\t\t<\/div>\n\t\t\t\t\t\t\t<\/div>\n\t\t<\/section>\n\t\t\t\t\t<\/div>\n\t\t<\/div>\n\t\t\t\t\t\t\t<\/div>\n\t\t<\/section>\n\t\t\t\t<section class=\"elementor-section elementor-top-section elementor-element elementor-element-4fa1bda elementor-section-boxed elementor-section-height-default elementor-section-height-default\" data-id=\"4fa1bda\" data-element_type=\"section\">\n\t\t\t\t\t\t<div class=\"elementor-container elementor-column-gap-default\">\n\t\t\t\t\t<div class=\"elementor-column elementor-col-100 elementor-top-column elementor-element elementor-element-e88a54e\" data-id=\"e88a54e\" data-element_type=\"column\">\n\t\t\t<div class=\"elementor-widget-wrap elementor-element-populated\">\n\t\t\t\t\t\t\t\t<div class=\"elementor-element elementor-element-bddff63 elementor-widget elementor-widget-heading\" data-id=\"bddff63\" data-element_type=\"widget\" data-widget_type=\"heading.default\">\n\t\t\t\t<div class=\"elementor-widget-container\">\n\t\t\t<h4 class=\"elementor-heading-title elementor-size-default\">Conditions d'utilisation du site Web<\/h4>\t\t<\/div>\n\t\t\t\t<\/div>\n\t\t\t\t<div class=\"elementor-element elementor-element-61491d5 elementor-widget elementor-widget-text-editor\" data-id=\"61491d5\" data-element_type=\"widget\" data-widget_type=\"text-editor.default\">\n\t\t\t\t<div class=\"elementor-widget-container\">\n\t\t\t\t\t<div class=\"elementor-text-editor elementor-clearfix\"><p>Veuillez lire les conditions d&#8217;utilisation suivantes pour le site Web h\u00e9berg\u00e9 \u00e0 l&#8217;adresse https:\/\/genderandmedia.bbcmediaaction.org (le \u00ab site Web \u00bb) qui est administr\u00e9 par BBC Media Action. Si vous n&#8217;acceptez pas les pr\u00e9sentes conditions g\u00e9n\u00e9rales d&#8217;utilisation, veuillez ne pas utiliser le site Web.<br \/><strong><br \/>1 \u00c0 propos de ces conditions d&#8217;utilisation<\/strong><\/p><ul><li>1 Ces conditions d&#8217;utilisation s&#8217;appliquent \u00e0 votre utilisation du site Web. En acc\u00e9dant \u00e0 n&#8217;importe quelle partie du site Web, vous \u00eates r\u00e9put\u00e9 avoir accept\u00e9 ces conditions d&#8217;utilisation et notre politique de confidentialit\u00e9. Si vous n&#8217;acceptez pas ces conditions d&#8217;utilisation ou la politique de confidentialit\u00e9, vous ne devez pas utiliser le site Web et devez quitter le site Web.<\/li><li>2 Nous nous r\u00e9servons le droit \u00e0 tout moment et \u00e0 notre seule discr\u00e9tion de modifier ces conditions d&#8217;utilisation. Toute version modifi\u00e9e entrera en vigueur \u00e0 partir du moment o\u00f9 cette version modifi\u00e9e est publi\u00e9e pour la premi\u00e8re fois sur le site Web.<br \/><br \/><\/li><\/ul><p><strong>2 Acc\u00e8s au site Web <\/strong><\/p><ul><li>1 Au m\u00eame temps que BBC Media Action s&#8217;efforce de garantir que le site Web soit normalement disponible 24 heures sur 24, BBC Media Action ne sera pas responsable si, pour une raison quelconque, le site Web est indisponible \u00e0 un moment donn\u00e9 ou pour une p\u00e9riode donn\u00e9e.<\/li><li>2 BBC Media Action ne garantit pas que le site Web sera ininterrompu ou sans erreur, ou que les serveurs et \/ ou autres \u00e9quipements et services n\u00e9cessaires pour rendre le site Web disponible seront exempts de virus ou d&#8217;autres composants nuisibles.<\/li><\/ul><p><strong><br \/>3 Informations d\u2019utilisateur et contenu cr\u00e9\u00e9 par les utilisateurs<\/strong><\/p><ul><li>3.1 Vous \u00eates propri\u00e9taire de toutes vos informations personnelles que nous recueillons sur le site Web, et notre politique de confidentialit\u00e9 r\u00e9git notre collecte et notre utilisation de ces donn\u00e9es personnelles.<\/li><li>3.2 Tout contenu qui nous est soumis (qui comprend des articles, des blogs ou tout autre contenu similaire r\u00e9dig\u00e9 par les utilisateurs), que ce soit en utilisant le site Web ou un site tiers, par e-mail ou autrement (le \u00ab contenu utilisateur \u00bb) sera consid\u00e9r\u00e9 comme non- confidentiel et non exclusif.<\/li><li>3.3 En nous soumettant ce contenu utilisateur, vous alleza) \u00catre r\u00e9put\u00e9 nous avoir accord\u00e9, \u00e0 nous et \u00e0 nos affili\u00e9s et aux autres utilisateurs du site Web, une licence perp\u00e9tuelle, mondiale, sans redevances, irr\u00e9vocable et transf\u00e9rable pour acc\u00e9der et utiliser le contenu utilisateur aux fins \u00e9nonc\u00e9es dans la clause 6.2 ci-dessous<br \/>b) BBC Media Action et ses affili\u00e9s n&#8217;auront aucune obligation en ce qui concerne le contenu utilisateur ; et<br \/>c)Vous garantissez que<br \/>(i) Le contenu utilisateur est votre propre travail original et que vous avez le droit (et la permission s&#8217;il est cr\u00e9\u00e9 dans le cadre d&#8217;un emploi) de le rendre disponible \u00e0 toutes les fins qui y sont sp\u00e9cifi\u00e9es<br \/>(ii) Le contenu utilisateur n&#8217;est pas diffamatoire et n&#8217;enfreint aucune loi ; et<br \/>(iii) Vous renoncez \u00e0 tout droit moral sur votre contribution aux fins de sa soumission et de sa publication sur le site Web et aux fins sp\u00e9cifi\u00e9es ici.<\/li><li>3.4 En acceptant que le contenu utilisateur soit t\u00e9l\u00e9charg\u00e9 sur le site Web, chaque utilisateur respectif sera invit\u00e9 \u00e0 soumettre certaines informations personnelles telles que le nom de l&#8217;utilisateur, son adresse e-mail et ses num\u00e9ros de contact. Les administrateurs du site Web conserveront ces d\u00e9tails personnels, qui ont financ\u00e9 et sont propri\u00e9taires du site Web, aux fins de l&#8217;administration du site Web aussi longtemps que cela est raisonnablement n\u00e9cessaire dans le but pour lequel il a \u00e9t\u00e9 soumis.<\/li><\/ul><p><span style=\"background-color: transparent;\"><br \/><b>4 Contenu sur le site Web et les sites tiers<\/b><\/span><\/p><ul><li>1 Le contenu t\u00e9l\u00e9charg\u00e9 sur ce site Web par BBC Media Action, y compris, sans s&#8217;y limiter, les supports de formation, les informations de profil de pays, les notes d&#8217;information et les documents de politique, les liens tiers et toutes les bases de donn\u00e9es (le \u00abcontenu du site\u00bb) et le contenu de l&#8217;utilisateur ( Le contenu du site et le contenu utilisateur sont appel\u00e9s ensemble le \u00abcontenu\u00bb) peut ne pas \u00eatre \u00e0 jour et, bien que BBC Media Action s&#8217;efforce de s&#8217;assurer que ce contenu est correct, BBC Media Action ne garantit pas l&#8217;exactitude, l&#8217;exhaustivit\u00e9 ou l&#8217;utilit\u00e9 du contenu. Il est de votre responsabilit\u00e9 d&#8217;\u00e9valuer l&#8217;exactitude, l&#8217;exhaustivit\u00e9 et l&#8217;utilit\u00e9 de tout contenu.<\/li><li>2 Les liens vers des sites tiers sur le site Web sont fournis uniquement pour votre commodit\u00e9. Si vous utilisez ces liens, ils vous m\u00e8neront vers un site tiers et vous reconnaissez et acceptez que BBC Media Action n&#8217;a pas examin\u00e9, n&#8217;est pas responsable, ne peut pas contr\u00f4ler, ne donne aucune garantie ou repr\u00e9sentation et ne pr\u00e9tend approuver aucun de ces sites tiers, leur contenu ou tout r\u00e9sultat, bien ou service pouvant \u00eatre obtenu \u00e0 l&#8217;aide de ces sites. Si vous d\u00e9cidez d&#8217;acc\u00e9der \u00e0 l&#8217;un des sites tiers li\u00e9s \u00e0 ce site Web, vous le faites enti\u00e8rement \u00e0 vos propres risques et p\u00e9rils.<br \/><br \/><\/li><\/ul><p><strong>5 Propri\u00e9t\u00e9 intellectuelle <\/strong><\/p><ul><li>1 Tous les droits de propri\u00e9t\u00e9 intellectuelle et de base de donn\u00e9es sur le site Web et le contenu du site, y compris, mais sans s&#8217;y limiter, le texte, les images et la mise en page, sont la propri\u00e9t\u00e9 de BBC Media Action et \/ ou de ses conc\u00e9dants de licence. Tous les droits de propri\u00e9t\u00e9 intellectuelle sur tout le contenu utilisateur restent la propri\u00e9t\u00e9 des utilisateurs qui ont cr\u00e9\u00e9 chaque \u00e9l\u00e9ment du contenu utilisateur.<\/li><li>2 Vous ne pouvez pas copier, reproduire, sous-licencier, republier, distribuer, transmettre, ex\u00e9cuter publiquement, afficher ou rendre disponible, modifier, adapter, interf\u00e9rer avec, cr\u00e9er des \u0153uvres d\u00e9riv\u00e9es, contrefaire ou coller sur tout autre site ou page Web, par tout moyen ou de quelque mani\u00e8re que ce soit, tout contenu sur ou dans le site Web, ou, sauvegarder comme express\u00e9ment pr\u00e9vu dans les pr\u00e9sentes conditions d&#8217;utilisation en vertu de la clause 6.3 cidessous, faire quoi que ce soit d&#8217;autre avec ce contenu. Vous acceptez et reconnaissez que vous n&#8217;aurez aucun droit de propri\u00e9t\u00e9 sur ce contenu. Vous reconnaissez que la modification du contenu ou l&#8217;utilisation du contenu \u00e0 des fins non express\u00e9ment autoris\u00e9es par les pr\u00e9sentes conditions d&#8217;utilisation peuvent enfreindre nos droits et les droits d\u2019autrui en mati\u00e8re de de propri\u00e9t\u00e9 intellectuelle et \/ ou d&#8217;autres droits.<\/li><li>3 Les marques commerciales, logos et marques de service (commun\u00e9ment appel\u00e9es les \u00ab marques d\u00e9pos\u00e9es \u00bb) affich\u00e9s sur le site Web sont les marques d\u00e9pos\u00e9es et non d\u00e9pos\u00e9es, BBC Media Action et autres, le cas \u00e9ch\u00e9ant. Rien de ce qui figure sur le site Web ne doit \u00eatre interpr\u00e9t\u00e9 comme accordant, implicitement, une licence ou un droit d&#8217;utiliser une marque d\u00e9pos\u00e9e affich\u00e9e sur le site Web, sans l&#8217;autorisation de la partie qui poss\u00e8de les marques commerciales affich\u00e9es sur le site Web.<br \/><br \/><\/li><\/ul><p><strong>6 Votre utilisation du site Web<\/strong><\/p><ul><li>1 Vous acceptez de ne pas :<ol><li>Utiliser le site Web pour afficher ou transmettre tout contenu ill\u00e9gal, pr\u00e9judiciable, mena\u00e7ant, abusif, harcelant, diffamatoire ou discriminatoire ou autre contenu r\u00e9pr\u00e9hensible de quelque nature que ce soit ;<\/li><li>T\u00e9l\u00e9charger sur le site Web tout fichier contenant des virus ou endommager, d\u00e9sactiver ou alt\u00e9rer de quelque mani\u00e8re que ce soit le fonctionnement du site Web ; ou<\/li><li>Utiliser le contenu sur ou dans le site Web \u00e0 des fins commerciales<\/li><\/ol><\/li><li>2 Vous \u00eates autoris\u00e9 \u00e0 utiliser le contenu pour votre propre usage priv\u00e9 et non commercial \u00e0 condition de conserver tous les droits d&#8217;auteur et autres avis de propri\u00e9t\u00e9 li\u00e9s au contenu. Vous pouvez utiliser le contenu du site comme source d&#8217;informations pour toute \u0153uvre d\u00e9riv\u00e9e que vous avez cr\u00e9\u00e9e \u00e0 condition que vous acceptiez de cr\u00e9diter le site Web et BBC Media Action comme source d&#8217;origine. Toute autre utilisation du contenu du site Web n\u00e9cessite une autorisation \u00e9crite pr\u00e9alable. Veuillez nous contacter si vous avez des questions.<\/li><\/ul><p><strong>\u00a0<\/strong><br \/><strong>7 Responsabilit\u00e9<\/strong><br \/>En aucun cas, BBC Media Action ou l&#8217;un de ses partenaires impliqu\u00e9s dans la production du site Web (y compris la BBC et \/ ou BBC Media Action) ne sera responsable de l&#8217;une des pertes ou dommages suivants (que ces pertes soient pr\u00e9vues, pr\u00e9visibles, connues ou autre): (a) la perte de donn\u00e9es; (b) la perte de revenus ou de b\u00e9n\u00e9fices anticip\u00e9s; (c) la perte d&#8217;activit\u00e9; (d) la perte d\u2019opportunit\u00e9; (e) la perte de client\u00e8le ou l\u2019atteinte \u00e0 la r\u00e9putation; (f) les pertes subies par des tiers; ou (g) tout dommage indirect, cons\u00e9cutif, sp\u00e9cial ou exemplaire d\u00e9coulant de l&#8217;utilisation du site Web, quelle que soit la forme de l&#8217;action.<\/p><p><strong>8 Int\u00e9gralit\u00e9 de l&#8217;accord et titres des paragraphes<\/strong><\/p><p>Ces conditions d&#8217;utilisation contiennent l&#8217;int\u00e9gralit\u00e9 de l&#8217;accord entre nous et vous concernant votre utilisation du site Web et remplacent tous les accords, arrangements, engagements ou propositions ant\u00e9rieurs, \u00e9crits ou oraux, entre nous et vous.<br \/><br \/><strong>9 R\u00e9siliation, cession et tiers<\/strong><\/p><ul><li>1 Nous nous r\u00e9servons le droit de r\u00e9silier votre acc\u00e8s \u00e0 tout site Web et \/ ou votre accord avec nous en vertu des pr\u00e9sentes conditions d&#8217;utilisation \u00e0 tout moment avec ou sans motif ou pr\u00e9avis, auquel cas vous ne devez pas utiliser le site Web apr\u00e8s une telle r\u00e9siliation sans notre consentement.<\/li><li>2 Ces conditions d&#8217;utilisation vous sont personnelles et sont conclues par vous pour votre propre b\u00e9n\u00e9fice et non pas pour le b\u00e9n\u00e9fice d&#8217;un tiers. Vous ne pouvez pas c\u00e9der, sous-licencier ou transf\u00e9rer \u00e0 une autre personne tous ou une partie de vos droits et obligations en vertu des pr\u00e9sentes conditions d&#8217;utilisation.<\/li><li>3 Ces conditions d&#8217;utilisation seront r\u00e9gies et interpr\u00e9t\u00e9es conform\u00e9ment au droit anglais. Les litiges d\u00e9coulant de ces conditions d&#8217;utilisation seront soumis \u00e0 la comp\u00e9tence exclusive des tribunaux anglais.<\/li><\/ul><\/div>\n\t\t\t\t<\/div>\n\t\t\t\t<\/div>\n\t\t\t\t\t<\/div>\n\t\t<\/div>\n\t\t\t\t\t\t\t<\/div>\n\t\t<\/section>\n\t\t\t\t\t\t<\/div>\n\t\t\t\t\t<\/div>\n\t\t","protected":false},"excerpt":{"rendered":"<p>Menu Conditions d&#8217;utilisation du site Web Veuillez lire les conditions d&#8217;utilisation suivantes pour le site Web h\u00e9berg\u00e9 \u00e0 l&#8217;adresse https:\/\/genderandmedia.bbcmediaaction.org (le \u00ab site Web \u00bb) qui est administr\u00e9 par BBC Media Action. Si vous n&#8217;acceptez pas les pr\u00e9sentes conditions g\u00e9n\u00e9rales d&#8217;utilisation, veuillez ne pas utiliser le site Web.1 \u00c0 propos de ces conditions d&#8217;utilisation 1 [&hellip;]<\/p>\n","protected":false},"author":1,"featured_media":0,"parent":0,"menu_order":0,"comment_status":"closed","ping_status":"closed","template":"elementor_header_footer","meta":{"footnotes":""},"_links":{"self":[{"href":"https:\/\/genderandmedia.bbcmediaaction.org\/fr\/wp-json\/wp\/v2\/pages\/243"}],"collection":[{"href":"https:\/\/genderandmedia.bbcmediaaction.org\/fr\/wp-json\/wp\/v2\/pages"}],"about":[{"href":"https:\/\/genderandmedia.bbcmediaaction.org\/fr\/wp-json\/wp\/v2\/types\/page"}],"author":[{"embeddable":true,"href":"https:\/\/genderandmedia.bbcmediaaction.org\/fr\/wp-json\/wp\/v2\/users\/1"}],"replies":[{"embeddable":true,"href":"https:\/\/genderandmedia.bbcmediaaction.org\/fr\/wp-json\/wp\/v2\/comments?post=243"}],"version-history":[{"count":35,"href":"https:\/\/genderandmedia.bbcmediaaction.org\/fr\/wp-json\/wp\/v2\/pages\/243\/revisions"}],"predecessor-version":[{"id":703,"href":"https:\/\/genderandmedia.bbcmediaaction.org\/fr\/wp-json\/wp\/v2\/pages\/243\/revisions\/703"}],"wp:attachment":[{"href":"https:\/\/genderandmedia.bbcmediaaction.org\/fr\/wp-json\/wp\/v2\/media?parent=243"}],"curies":[{"name":"wp","href":"https:\/\/api.w.org\/{rel}","templated":true}]}}