{"id":222,"date":"2021-03-16T13:24:09","date_gmt":"2021-03-16T13:24:09","guid":{"rendered":"https:\/\/genderandmedia.bbcmediaaction.org\/?page_id=222"},"modified":"2021-04-01T08:41:28","modified_gmt":"2021-04-01T08:41:28","slug":"ressources","status":"publish","type":"page","link":"https:\/\/genderandmedia.bbcmediaaction.org\/fr\/ressources\/","title":{"rendered":"RESSOURCES"},"content":{"rendered":"\t\t<div data-elementor-type=\"wp-page\" data-elementor-id=\"222\" class=\"elementor elementor-222\" data-elementor-settings=\"[]\">\n\t\t\t\t\t\t\t<div class=\"elementor-section-wrap\">\n\t\t\t\t\t\t\t<section class=\"elementor-section elementor-top-section elementor-element elementor-element-5409a68 elementor-section-full_width elementor-section-height-min-height elementor-section-items-stretch elementor-section-content-bottom elementor-section-height-default\" data-id=\"5409a68\" data-element_type=\"section\" data-settings=\"{&quot;background_background&quot;:&quot;classic&quot;}\">\n\t\t\t\t\t\t<div class=\"elementor-container elementor-column-gap-default\">\n\t\t\t\t\t<div class=\"elementor-column elementor-col-100 elementor-top-column elementor-element elementor-element-312516b\" data-id=\"312516b\" data-element_type=\"column\">\n\t\t\t<div class=\"elementor-widget-wrap elementor-element-populated\">\n\t\t\t\t\t\t\t\t<section class=\"elementor-section elementor-inner-section elementor-element elementor-element-ccaecff elementor-section-boxed elementor-section-height-default elementor-section-height-default\" data-id=\"ccaecff\" data-element_type=\"section\" data-settings=\"{&quot;background_background&quot;:&quot;classic&quot;}\">\n\t\t\t\t\t\t<div class=\"elementor-container elementor-column-gap-default\">\n\t\t\t\t\t<div class=\"elementor-column elementor-col-100 elementor-inner-column elementor-element elementor-element-d552538\" data-id=\"d552538\" data-element_type=\"column\">\n\t\t\t<div class=\"elementor-widget-wrap elementor-element-populated\">\n\t\t\t\t\t\t\t\t<div class=\"elementor-element elementor-element-5572649 elementor-tablet-align-center elementor-hidden-desktop elementor-widget elementor-widget-button\" data-id=\"5572649\" data-element_type=\"widget\" data-widget_type=\"button.default\">\n\t\t\t\t<div class=\"elementor-widget-container\">\n\t\t\t\t\t<div class=\"elementor-button-wrapper\">\n\t\t\t<a href=\"#elementor-action%3Aaction%3Dpopup%3Aopen%26settings%3DeyJpZCI6IjM1MCIsInRvZ2dsZSI6ZmFsc2V9\" class=\"elementor-button-link elementor-button elementor-size-sm\" role=\"button\">\n\t\t\t\t\t\t<span class=\"elementor-button-content-wrapper\">\n\t\t\t\t\t\t<span class=\"elementor-button-icon elementor-align-icon-left\">\n\t\t\t\t<i aria-hidden=\"true\" class=\"fas fa-bars\"><\/i>\t\t\t<\/span>\n\t\t\t\t\t\t<span class=\"elementor-button-text\">Menu<\/span>\n\t\t<\/span>\n\t\t\t\t\t<\/a>\n\t\t<\/div>\n\t\t\t\t<\/div>\n\t\t\t\t<\/div>\n\t\t\t\t<div class=\"elementor-element elementor-element-c35a388 elementor-nav-menu__align-center elementor-hidden-tablet elementor-hidden-phone elementor-nav-menu--indicator-classic elementor-nav-menu--dropdown-tablet elementor-nav-menu__text-align-aside elementor-nav-menu--toggle elementor-nav-menu--burger elementor-widget elementor-widget-nav-menu\" data-id=\"c35a388\" data-element_type=\"widget\" data-settings=\"{&quot;layout&quot;:&quot;horizontal&quot;,&quot;toggle&quot;:&quot;burger&quot;}\" data-widget_type=\"nav-menu.default\">\n\t\t\t\t<div class=\"elementor-widget-container\">\n\t\t\t\t\t\t<nav role=\"navigation\" class=\"elementor-nav-menu--main elementor-nav-menu__container elementor-nav-menu--layout-horizontal e--pointer-none\"><ul id=\"menu-1-c35a388\" class=\"elementor-nav-menu\"><li class=\"menu-item menu-item-type-post_type menu-item-object-page menu-item-home menu-item-105\"><a href=\"https:\/\/genderandmedia.bbcmediaaction.org\/fr\/\" class=\"elementor-item\">ACCUEIL<\/a><\/li>\n<li class=\"menu-item menu-item-type-post_type menu-item-object-page menu-item-104\"><a href=\"https:\/\/genderandmedia.bbcmediaaction.org\/fr\/quest-ce-que-le-genre\/\" class=\"elementor-item\">QU&#8217;EST-CE QUE LE GENRE?<\/a><\/li>\n<li class=\"menu-item menu-item-type-post_type menu-item-object-page menu-item-149\"><a href=\"https:\/\/genderandmedia.bbcmediaaction.org\/fr\/faire-une-difference-avec-les-medias\/\" class=\"elementor-item\">FAIRE UNE DIFF\u00c9RENCE AVEC LES M\u00c9DIAS?<\/a><\/li>\n<li class=\"menu-item menu-item-type-post_type menu-item-object-page menu-item-180\"><a href=\"https:\/\/genderandmedia.bbcmediaaction.org\/fr\/concevoir-un-projet\/\" class=\"elementor-item\">CONCEVOIR UN PROJET<\/a><\/li>\n<li class=\"menu-item menu-item-type-post_type menu-item-object-page menu-item-220\"><a href=\"https:\/\/genderandmedia.bbcmediaaction.org\/fr\/realiser-un-programme\/\" class=\"elementor-item\">R\u00c9ALISER UN PROGRAMME<\/a><\/li>\n<li class=\"menu-item menu-item-type-post_type menu-item-object-page menu-item-242\"><a href=\"https:\/\/genderandmedia.bbcmediaaction.org\/fr\/ressources\/\" class=\"elementor-item\">RESSOURCES<\/a><\/li>\n<\/ul><\/nav>\n\t\t\t\t\t<div class=\"elementor-menu-toggle\" role=\"button\" tabindex=\"0\" aria-label=\"Menu Toggle\" aria-expanded=\"false\">\n\t\t\t<i class=\"eicon-menu-bar\" aria-hidden=\"true\"><\/i>\n\t\t\t<span class=\"elementor-screen-only\">Menu<\/span>\n\t\t<\/div>\n\t\t\t<nav class=\"elementor-nav-menu--dropdown elementor-nav-menu__container\" role=\"navigation\" aria-hidden=\"true\"><ul id=\"menu-2-c35a388\" class=\"elementor-nav-menu\"><li class=\"menu-item menu-item-type-post_type menu-item-object-page menu-item-home menu-item-105\"><a href=\"https:\/\/genderandmedia.bbcmediaaction.org\/fr\/\" class=\"elementor-item\">ACCUEIL<\/a><\/li>\n<li class=\"menu-item menu-item-type-post_type menu-item-object-page menu-item-104\"><a href=\"https:\/\/genderandmedia.bbcmediaaction.org\/fr\/quest-ce-que-le-genre\/\" class=\"elementor-item\">QU&#8217;EST-CE QUE LE GENRE?<\/a><\/li>\n<li class=\"menu-item menu-item-type-post_type menu-item-object-page menu-item-149\"><a href=\"https:\/\/genderandmedia.bbcmediaaction.org\/fr\/faire-une-difference-avec-les-medias\/\" class=\"elementor-item\">FAIRE UNE DIFF\u00c9RENCE AVEC LES M\u00c9DIAS?<\/a><\/li>\n<li class=\"menu-item menu-item-type-post_type menu-item-object-page menu-item-180\"><a href=\"https:\/\/genderandmedia.bbcmediaaction.org\/fr\/concevoir-un-projet\/\" class=\"elementor-item\">CONCEVOIR UN PROJET<\/a><\/li>\n<li class=\"menu-item menu-item-type-post_type menu-item-object-page menu-item-220\"><a href=\"https:\/\/genderandmedia.bbcmediaaction.org\/fr\/realiser-un-programme\/\" class=\"elementor-item\">R\u00c9ALISER UN PROGRAMME<\/a><\/li>\n<li class=\"menu-item menu-item-type-post_type menu-item-object-page menu-item-242\"><a href=\"https:\/\/genderandmedia.bbcmediaaction.org\/fr\/ressources\/\" class=\"elementor-item\">RESSOURCES<\/a><\/li>\n<\/ul><\/nav>\n\t\t\t\t<\/div>\n\t\t\t\t<\/div>\n\t\t\t\t\t<\/div>\n\t\t<\/div>\n\t\t\t\t\t\t\t<\/div>\n\t\t<\/section>\n\t\t\t\t\t<\/div>\n\t\t<\/div>\n\t\t\t\t\t\t\t<\/div>\n\t\t<\/section>\n\t\t\t\t<section class=\"elementor-section elementor-top-section elementor-element elementor-element-ac9a0ce elementor-section-boxed elementor-section-height-default elementor-section-height-default\" data-id=\"ac9a0ce\" data-element_type=\"section\" data-settings=\"{&quot;background_background&quot;:&quot;classic&quot;}\">\n\t\t\t\t\t\t<div class=\"elementor-container elementor-column-gap-default\">\n\t\t\t\t\t<div class=\"elementor-column elementor-col-100 elementor-top-column elementor-element elementor-element-5227fe9\" data-id=\"5227fe9\" data-element_type=\"column\">\n\t\t\t<div class=\"elementor-widget-wrap elementor-element-populated\">\n\t\t\t\t\t\t\t\t<div class=\"elementor-element elementor-element-aadea4a elementor-widget elementor-widget-heading\" data-id=\"aadea4a\" data-element_type=\"widget\" data-widget_type=\"heading.default\">\n\t\t\t\t<div class=\"elementor-widget-container\">\n\t\t\t<h1 class=\"elementor-heading-title elementor-size-default\">Ressources<\/h1>\t\t<\/div>\n\t\t\t\t<\/div>\n\t\t\t\t<div class=\"elementor-element elementor-element-5fd47fd elementor-widget elementor-widget-image\" data-id=\"5fd47fd\" data-element_type=\"widget\" data-widget_type=\"image.default\">\n\t\t\t\t<div class=\"elementor-widget-container\">\n\t\t\t\t\t<div class=\"elementor-image\">\n\t\t\t\t\t\t\t\t\t\t<img loading=\"lazy\" decoding=\"async\" width=\"100\" height=\"6\" src=\"https:\/\/genderandmedia.bbcmediaaction.org\/fr\/wp-content\/uploads\/2021\/03\/heading_underline.gif\" class=\"attachment-large size-large\" alt=\"\" \/>\t\t\t\t\t\t\t\t\t\t\t<\/div>\n\t\t\t\t<\/div>\n\t\t\t\t<\/div>\n\t\t\t\t\t<\/div>\n\t\t<\/div>\n\t\t\t\t\t\t\t<\/div>\n\t\t<\/section>\n\t\t\t\t<section class=\"elementor-section elementor-top-section elementor-element elementor-element-4fa1bda elementor-section-boxed elementor-section-height-default elementor-section-height-default\" data-id=\"4fa1bda\" data-element_type=\"section\">\n\t\t\t\t\t\t<div class=\"elementor-container elementor-column-gap-default\">\n\t\t\t\t\t<div class=\"elementor-column elementor-col-100 elementor-top-column elementor-element elementor-element-e88a54e\" data-id=\"e88a54e\" data-element_type=\"column\">\n\t\t\t<div class=\"elementor-widget-wrap elementor-element-populated\">\n\t\t\t\t\t\t\t\t<div class=\"elementor-element elementor-element-bd49978 elementor-widget elementor-widget-heading\" data-id=\"bd49978\" data-element_type=\"widget\" data-widget_type=\"heading.default\">\n\t\t\t\t<div class=\"elementor-widget-container\">\n\t\t\t<h4 class=\"elementor-heading-title elementor-size-default\">BBC MEDIA ACTION RESOURCES<\/h4>\t\t<\/div>\n\t\t\t\t<\/div>\n\t\t\t\t<section class=\"elementor-section elementor-inner-section elementor-element elementor-element-e81faf0 elementor-section-boxed elementor-section-height-default elementor-section-height-default\" data-id=\"e81faf0\" data-element_type=\"section\">\n\t\t\t\t\t\t<div class=\"elementor-container elementor-column-gap-default\">\n\t\t\t\t\t<div class=\"elementor-column elementor-col-100 elementor-inner-column elementor-element elementor-element-b15324a\" data-id=\"b15324a\" data-element_type=\"column\">\n\t\t\t<div class=\"elementor-widget-wrap elementor-element-populated\">\n\t\t\t\t\t\t\t\t<div class=\"elementor-element elementor-element-16657c9 elementor-widget elementor-widget-text-editor\" data-id=\"16657c9\" data-element_type=\"widget\" data-widget_type=\"text-editor.default\">\n\t\t\t\t<div class=\"elementor-widget-container\">\n\t\t\t\t\t<div class=\"elementor-text-editor elementor-clearfix\"><ul>\n \t<li><a href=\"http:\/\/downloads.bbc.co.uk\/mediaaction\/approaches\/Gender_equality_our_approach.pdf\" target=\"_blank\" rel=\"noopener\">Document d\u2019approche et strat\u00e9gie pour l&#8217;\u00e9galit\u00e9 des sexes de BBC Media Action (2016-20)<\/a><\/li>\n \t<li><a href=\"https:\/\/genderandmedia.bbcmediaaction.org\/fr\/wp-content\/uploads\/2021\/03\/FR-BBC-Media-ACTION-Gender-sensitivity-criteria-1.pdf\" target=\"_blank\" rel=\"noopener\">Crit\u00e8res de sensibilit\u00e9 au genre de BBC Media <\/a><\/li>\n \t<li><a href=\"https:\/\/genderandmedia.bbcmediaaction.org\/fr\/wp-content\/uploads\/2021\/04\/FR-BBC-media-action-Gender-Top-Tips-for-Proect-design-final-FR.pdf\" target=\"_blank\" rel=\"noopener\">Liste des 5 meilleurs conseils de BBC Media Action sur le d\u00e9veloppement de projets sensibles au genre et projets transformateurs en mati\u00e8re de genre<\/a><\/li>\n \t<li><a href=\"https:\/\/genderandmedia.bbcmediaaction.org\/fr\/wp-content\/uploads\/2021\/04\/Fr-BBC-media-action-gender-checklist-for-Ed-Dev-FR-1.pdf\" target=\"_blank\" rel=\"noopener\">Liste de l&#8217;\u00e9quipe \u00e9ditoriale de BBC Media Action pour le d\u00e9veloppement de programmes sensibles au genre et programmes transformateurs en mati\u00e8re de genre<\/a><\/li>\n \t<li><a href=\"https:\/\/genderandmedia.bbcmediaaction.org\/fr\/wp-content\/uploads\/2021\/04\/Fr-BBC-media-action-Cheklist-Droits-de-la-femme-et-\u00e9gali-te-des-sexes.pdf\" target=\"_blank\" rel=\"noopener\">Liste des droits des femmes et de l\u2019\u00e9galit\u00e9 des sexes de BBC Media Action pour les partenaires du renforcement des capacit\u00e9s <\/a><\/li>\n \t<li><a href=\"http:\/\/downloads.bbc.co.uk\/mediaaction\/pdf\/practicebriefings\/empowering-women-through-media-report.pdf\" target=\"_blank\" rel=\"noopener\">BBC Media Action, \u00ab Montez le volume &#8211; Autonomiser les femmes \u00e0 travers les m\u00e9dias \u00bb. Enseignements tir\u00e9s de la programmation de la gouvernance de BBC Media Action \u00bb, par Josephine Casserly (octobre 2016)<\/a><\/li>\n \t<li><a href=\"https:\/\/genderandmedia.bbcmediaaction.org\/fr\/wp-content\/uploads\/2021\/04\/Fr-BBC-media-action-Approach-to-preventing-VAWG-FR.pdf\" target=\"_blank\" rel=\"noopener\">BBC Media Action \u00ab Approche de pr\u00e9vention de la violence \u00e0 l&#8217;\u00e9gard des femmes et des filles \u00bb (d\u00e9cembre 2016) <\/a><\/li>\n \t<li><a href=\"https:\/\/genderandmedia.bbcmediaaction.org\/fr\/wp-content\/uploads\/2021\/03\/FR-i-learn-GBV-module.pdf\" target=\"_blank\" rel=\"noopener\">Guides th\u00e9matiques de BBC Media Action : \u00ab Ce que votre public doit savoir en cas d\u2019urgence &#8211; informations qui sauvent les vies : Violence bas\u00e9e sur le genre<\/a><\/li>\n<\/ul><\/div>\n\t\t\t\t<\/div>\n\t\t\t\t<\/div>\n\t\t\t\t\t<\/div>\n\t\t<\/div>\n\t\t\t\t\t\t\t<\/div>\n\t\t<\/section>\n\t\t\t\t<div class=\"elementor-element elementor-element-001a675 elementor-widget elementor-widget-heading\" data-id=\"001a675\" data-element_type=\"widget\" data-widget_type=\"heading.default\">\n\t\t\t\t<div class=\"elementor-widget-container\">\n\t\t\t<h4 class=\"elementor-heading-title elementor-size-default\">Ressources externes<\/h4>\t\t<\/div>\n\t\t\t\t<\/div>\n\t\t\t\t<section class=\"elementor-section elementor-inner-section elementor-element elementor-element-06716b6 elementor-section-boxed elementor-section-height-default elementor-section-height-default\" data-id=\"06716b6\" data-element_type=\"section\">\n\t\t\t\t\t\t<div class=\"elementor-container elementor-column-gap-default\">\n\t\t\t\t\t<div class=\"elementor-column elementor-col-100 elementor-inner-column elementor-element elementor-element-3ecf662\" data-id=\"3ecf662\" data-element_type=\"column\">\n\t\t\t<div class=\"elementor-widget-wrap elementor-element-populated\">\n\t\t\t\t\t\t\t\t<div class=\"elementor-element elementor-element-f573a59 elementor-widget elementor-widget-text-editor\" data-id=\"f573a59\" data-element_type=\"widget\" data-widget_type=\"text-editor.default\">\n\t\t\t\t<div class=\"elementor-widget-container\">\n\t\t\t\t\t<div class=\"elementor-text-editor elementor-clearfix\"><ul>\n \t<li><a href=\"http:\/\/whomakesthenews.org\/journalism-kit\" target=\"_blank\" rel=\"noopener\">Qui fait l&#8217;actualit\u00e9, \u00ab Bo\u00eete \u00e0 outils de journalisme \u00e9thique de genre \u00bb<\/a><\/li>\n \t<li><a href=\"http:\/\/www.gsdrc.org\/wp-content\/uploads\/2015\/07\/gender.pdf\" target=\"_blank\" rel=\"noopener\">Guide th\u00e9matique du GSDRC sur le genre (2012) et dans ce cadre la section <\/a> <a href=\"http:\/\/www.gsdrc.org\/topic-guides\/gender\/gender-and-media\/\" target=\"_blank\" rel=\"noopener\">sur le genre et les m\u00e9dias <\/a><\/li>\n \t<li><a href=\"https:\/\/www.odi.org\/sites\/odi.org.uk\/files\/odi-assets\/publications-opinion-files\/9808.pdf\" target=\"_blank\" rel=\"noopener\">Institut de d\u00e9veloppement outre-mer, \u00ab Communications pour changer les normes discriminatoires de genre affectant les adolescentes \u00bb (septembre 2015) <\/a><\/li>\n \t<li><a href=\"http:\/\/archive.ids.ac.uk\/bridge\/gender-news-and-updates\/gender-updates-archive.html\" target=\"_blank\" rel=\"noopener\">Ressources BRIDGE \u00ab genre et indicateurs <\/a><\/li>\n \t<li><a href=\"https:\/\/genderandmedia.bbcmediaaction.org\/fr\/wp-content\/uploads\/2021\/03\/GE-concepts-quiz-answers.pdf\" target=\"_blank\" rel=\"noopener\">Concepts de genre INTRAC<\/a><\/li>\n<\/ul><\/div>\n\t\t\t\t<\/div>\n\t\t\t\t<\/div>\n\t\t\t\t\t<\/div>\n\t\t<\/div>\n\t\t\t\t\t\t\t<\/div>\n\t\t<\/section>\n\t\t\t\t\t<\/div>\n\t\t<\/div>\n\t\t\t\t\t\t\t<\/div>\n\t\t<\/section>\n\t\t\t\t\t\t<\/div>\n\t\t\t\t\t<\/div>\n\t\t","protected":false},"excerpt":{"rendered":"<p>Menu Ressources BBC MEDIA ACTION RESOURCES Document d\u2019approche et strat\u00e9gie pour l&#8217;\u00e9galit\u00e9 des sexes de BBC Media Action (2016-20) Crit\u00e8res de sensibilit\u00e9 au genre de BBC Media Liste des 5 meilleurs conseils de BBC Media Action sur le d\u00e9veloppement de projets sensibles au genre et projets transformateurs en mati\u00e8re de genre Liste de l&#8217;\u00e9quipe \u00e9ditoriale [&hellip;]<\/p>\n","protected":false},"author":1,"featured_media":0,"parent":0,"menu_order":0,"comment_status":"closed","ping_status":"closed","template":"elementor_header_footer","meta":{"footnotes":""},"_links":{"self":[{"href":"https:\/\/genderandmedia.bbcmediaaction.org\/fr\/wp-json\/wp\/v2\/pages\/222"}],"collection":[{"href":"https:\/\/genderandmedia.bbcmediaaction.org\/fr\/wp-json\/wp\/v2\/pages"}],"about":[{"href":"https:\/\/genderandmedia.bbcmediaaction.org\/fr\/wp-json\/wp\/v2\/types\/page"}],"author":[{"embeddable":true,"href":"https:\/\/genderandmedia.bbcmediaaction.org\/fr\/wp-json\/wp\/v2\/users\/1"}],"replies":[{"embeddable":true,"href":"https:\/\/genderandmedia.bbcmediaaction.org\/fr\/wp-json\/wp\/v2\/comments?post=222"}],"version-history":[{"count":44,"href":"https:\/\/genderandmedia.bbcmediaaction.org\/fr\/wp-json\/wp\/v2\/pages\/222\/revisions"}],"predecessor-version":[{"id":729,"href":"https:\/\/genderandmedia.bbcmediaaction.org\/fr\/wp-json\/wp\/v2\/pages\/222\/revisions\/729"}],"wp:attachment":[{"href":"https:\/\/genderandmedia.bbcmediaaction.org\/fr\/wp-json\/wp\/v2\/media?parent=222"}],"curies":[{"name":"wp","href":"https:\/\/api.w.org\/{rel}","templated":true}]}}